{"id":4377,"date":"2024-07-02T21:33:26","date_gmt":"2024-07-03T02:33:26","guid":{"rendered":"https:\/\/buzosdebaru.com\/?page_id=4377"},"modified":"2024-07-02T21:56:34","modified_gmt":"2024-07-03T02:56:34","slug":"datos-curiosos-del-buceo","status":"publish","type":"page","link":"https:\/\/buzosdebaru.com\/en\/datos-curiosos-del-buceo\/","title":{"rendered":"05. Fun Facts and Basic Concepts of Diving"},"content":{"rendered":"<div data-elementor-type=\"wp-page\" data-elementor-id=\"4377\" class=\"elementor elementor-4377\">\n\t\t\t\t\t\t<section class=\"elementor-section elementor-top-section elementor-element elementor-element-f4d0c8c elementor-section-boxed elementor-section-height-default elementor-section-height-default\" data-id=\"f4d0c8c\" data-element_type=\"section\" data-e-type=\"section\">\n\t\t\t\t\t\t<div class=\"elementor-container elementor-column-gap-default\">\n\t\t\t\t\t<div class=\"elementor-column elementor-col-100 elementor-top-column elementor-element elementor-element-2bd1132\" data-id=\"2bd1132\" data-element_type=\"column\" data-e-type=\"column\">\n\t\t\t<div class=\"elementor-widget-wrap elementor-element-populated\">\n\t\t\t\t\t\t<div class=\"elementor-element elementor-element-915e79d elementor-widget elementor-widget-heading\" data-id=\"915e79d\" data-element_type=\"widget\" data-e-type=\"widget\" data-widget_type=\"heading.default\">\n\t\t\t\t<div class=\"elementor-widget-container\">\n\t\t\t\t\t<h2 class=\"elementor-heading-title elementor-size-default\">Fun Facts and Basic Concepts of Diving<\/h2>\t\t\t\t<\/div>\n\t\t\t\t<\/div>\n\t\t\t\t\t<\/div>\n\t\t<\/div>\n\t\t\t\t\t<\/div>\n\t\t<\/section>\n\t\t\t\t<section class=\"elementor-section elementor-top-section elementor-element elementor-element-c70c4af elementor-section-boxed elementor-section-height-default elementor-section-height-default\" data-id=\"c70c4af\" data-element_type=\"section\" data-e-type=\"section\">\n\t\t\t\t\t\t<div class=\"elementor-container elementor-column-gap-default\">\n\t\t\t\t\t<div class=\"elementor-column elementor-col-66 elementor-top-column elementor-element elementor-element-4c030b8\" data-id=\"4c030b8\" data-element_type=\"column\" data-e-type=\"column\">\n\t\t\t<div class=\"elementor-widget-wrap elementor-element-populated\">\n\t\t\t\t\t\t<div class=\"elementor-element elementor-element-9223962 elementor-widget elementor-widget-text-editor\" data-id=\"9223962\" data-element_type=\"widget\" data-e-type=\"widget\" data-widget_type=\"text-editor.default\">\n\t\t\t\t<div class=\"elementor-widget-container\">\n\t\t\t\t\t\t\t\t\t<p>Diving has its own vocabulary and specific roles that are important to understand before starting to dive. Diving professionals have different levels and roles.<\/p><p><strong>Who can teach a diving class?<\/strong><br \/>Dive Masters can teach diving classes in pools and lead groups of certified divers, in addition to assisting an instructor in the sea. Instructors are the only ones who can take first-timers into the sea and provide tank diving certification courses and one-day experience courses.<\/p><p><strong>What does Scuba mean in diving?<\/strong><br \/>Scuba is an acronym in English for \"self-contained underwater breathing apparatus,\" which refers to the equipment used for underwater breathing.<\/p>\t\t\t\t\t\t\t\t<\/div>\n\t\t\t\t<\/div>\n\t\t\t\t\t<\/div>\n\t\t<\/div>\n\t\t\t\t<div class=\"elementor-column elementor-col-33 elementor-top-column elementor-element elementor-element-f87df09\" data-id=\"f87df09\" data-element_type=\"column\" data-e-type=\"column\">\n\t\t\t<div class=\"elementor-widget-wrap elementor-element-populated\">\n\t\t\t\t\t\t<div class=\"elementor-element elementor-element-5d21d7e elementor-widget elementor-widget-image\" data-id=\"5d21d7e\" data-element_type=\"widget\" data-e-type=\"widget\" data-widget_type=\"image.default\">\n\t\t\t\t<div class=\"elementor-widget-container\">\n\t\t\t\t\t\t\t\t\t\t\t\t\t\t\t<img fetchpriority=\"high\" decoding=\"async\" width=\"500\" height=\"500\" src=\"https:\/\/buzosdebaru.com\/wp-content\/uploads\/2024\/07\/entrada05.jpg\" class=\"attachment-large size-large wp-image-4379\" alt=\"buceo en cartagena\" srcset=\"https:\/\/buzosdebaru.com\/wp-content\/uploads\/2024\/07\/entrada05.jpg 500w, https:\/\/buzosdebaru.com\/wp-content\/uploads\/2024\/07\/entrada05-300x300.jpg 300w, https:\/\/buzosdebaru.com\/wp-content\/uploads\/2024\/07\/entrada05-150x150.jpg 150w, https:\/\/buzosdebaru.com\/wp-content\/uploads\/2024\/07\/entrada05-12x12.jpg 12w\" sizes=\"(max-width: 500px) 100vw, 500px\" \/>\t\t\t\t\t\t\t\t\t\t\t\t\t\t\t<\/div>\n\t\t\t\t<\/div>\n\t\t\t\t\t<\/div>\n\t\t<\/div>\n\t\t\t\t\t<\/div>\n\t\t<\/section>\n\t\t\t\t<\/div>","protected":false},"excerpt":{"rendered":"<p>Datos curiosos y conceptos b\u00e1sicos del Buceo El buceo tiene su propio vocabulario y roles espec\u00edficos que es importante entender antes de empezar a bucear.\u00a0 Los profesionales del buceo tienen diferentes niveles y roles. \u00bfQui\u00e9n puede dar una clase de buceo?Los Dive Masters pueden dar clases de buceo en piscina y llevar grupos de buzos [&hellip;]<\/p>\n","protected":false},"author":1,"featured_media":0,"parent":0,"menu_order":0,"comment_status":"closed","ping_status":"closed","template":"","meta":{"site-sidebar-layout":"no-sidebar","site-content-layout":"page-builder","ast-site-content-layout":"full-width-container","site-content-style":"default","site-sidebar-style":"default","ast-global-header-display":"","ast-banner-title-visibility":"","ast-main-header-display":"","ast-hfb-above-header-display":"","ast-hfb-below-header-display":"","ast-hfb-mobile-header-display":"","site-post-title":"disabled","ast-breadcrumbs-content":"","ast-featured-img":"disabled","footer-sml-layout":"","ast-disable-related-posts":"","theme-transparent-header-meta":"","adv-header-id-meta":"","stick-header-meta":"","header-above-stick-meta":"","header-main-stick-meta":"","header-below-stick-meta":"","astra-migrate-meta-layouts":"set","ast-page-background-enabled":"default","ast-page-background-meta":{"desktop":{"background-color":"var(--ast-global-color-4)","background-image":"","background-repeat":"repeat","background-position":"center center","background-size":"auto","background-attachment":"scroll","background-type":"","background-media":"","overlay-type":"","overlay-color":"","overlay-opacity":"","overlay-gradient":""},"tablet":{"background-color":"","background-image":"","background-repeat":"repeat","background-position":"center center","background-size":"auto","background-attachment":"scroll","background-type":"","background-media":"","overlay-type":"","overlay-color":"","overlay-opacity":"","overlay-gradient":""},"mobile":{"background-color":"","background-image":"","background-repeat":"repeat","background-position":"center center","background-size":"auto","background-attachment":"scroll","background-type":"","background-media":"","overlay-type":"","overlay-color":"","overlay-opacity":"","overlay-gradient":""}},"ast-content-background-meta":{"desktop":{"background-color":"var(--ast-global-color-5)","background-image":"","background-repeat":"repeat","background-position":"center center","background-size":"auto","background-attachment":"scroll","background-type":"","background-media":"","overlay-type":"","overlay-color":"","overlay-opacity":"","overlay-gradient":""},"tablet":{"background-color":"var(--ast-global-color-5)","background-image":"","background-repeat":"repeat","background-position":"center center","background-size":"auto","background-attachment":"scroll","background-type":"","background-media":"","overlay-type":"","overlay-color":"","overlay-opacity":"","overlay-gradient":""},"mobile":{"background-color":"var(--ast-global-color-5)","background-image":"","background-repeat":"repeat","background-position":"center center","background-size":"auto","background-attachment":"scroll","background-type":"","background-media":"","overlay-type":"","overlay-color":"","overlay-opacity":"","overlay-gradient":""}},"footnotes":""},"class_list":["post-4377","page","type-page","status-publish","hentry"],"yoast_head":"<!-- This site is optimized with the Yoast SEO plugin v27.0 - https:\/\/yoast.com\/product\/yoast-seo-wordpress\/ -->\n<title>05. Datos curiosos y conceptos b\u00e1sicos del Buceo - Buzos de Bar\u00fa: El mejor buceo en Cartagena<\/title>\n<meta name=\"description\" content=\"Conoce los conceptos b\u00e1sicos del buceo y los roles de los instructores. Aprende qu\u00e9 significa Scuba y c\u00f3mo obtener tu certificaci\u00f3n en Cartagena. \u00a1Sum\u00e9rgete en el mundo del buceo!\" \/>\n<meta name=\"robots\" content=\"index, follow, max-snippet:-1, max-image-preview:large, max-video-preview:-1\" \/>\n<link rel=\"canonical\" href=\"https:\/\/buzosdebaru.com\/en\/datos-curiosos-del-buceo\/\" \/>\n<meta property=\"og:locale\" content=\"en_US\" \/>\n<meta property=\"og:type\" content=\"article\" \/>\n<meta property=\"og:title\" content=\"05. Datos curiosos y conceptos b\u00e1sicos del Buceo - Buzos de Bar\u00fa: El mejor buceo en Cartagena\" \/>\n<meta property=\"og:description\" content=\"Conoce los conceptos b\u00e1sicos del buceo y los roles de los instructores. Aprende qu\u00e9 significa Scuba y c\u00f3mo obtener tu certificaci\u00f3n en Cartagena. \u00a1Sum\u00e9rgete en el mundo del buceo!\" \/>\n<meta property=\"og:url\" content=\"https:\/\/buzosdebaru.com\/en\/datos-curiosos-del-buceo\/\" \/>\n<meta property=\"og:site_name\" content=\"Buzos de Bar\u00fa: El mejor buceo en Cartagena\" \/>\n<meta property=\"article:publisher\" content=\"https:\/\/www.facebook.com\/buzosdebarucartagena\" \/>\n<meta property=\"article:modified_time\" content=\"2024-07-03T02:56:34+00:00\" \/>\n<meta property=\"og:image\" content=\"https:\/\/buzosdebaru.com\/wp-content\/uploads\/2024\/07\/entrada05.jpg\" \/>\n<meta name=\"twitter:card\" content=\"summary_large_image\" \/>\n<meta name=\"twitter:site\" content=\"@BuzosDeBaru\" \/>\n<meta name=\"twitter:label1\" content=\"Est. reading time\" \/>\n\t<meta name=\"twitter:data1\" content=\"1 minute\" \/>\n<script type=\"application\/ld+json\" class=\"yoast-schema-graph\">{\"@context\":\"https:\/\/schema.org\",\"@graph\":[{\"@type\":\"WebPage\",\"@id\":\"https:\/\/buzosdebaru.com\/datos-curiosos-del-buceo\/\",\"url\":\"https:\/\/buzosdebaru.com\/datos-curiosos-del-buceo\/\",\"name\":\"05. Datos curiosos y conceptos b\u00e1sicos del Buceo - Buzos de Bar\u00fa: El mejor buceo en Cartagena\",\"isPartOf\":{\"@id\":\"https:\/\/buzosdebaru.com\/#website\"},\"primaryImageOfPage\":{\"@id\":\"https:\/\/buzosdebaru.com\/datos-curiosos-del-buceo\/#primaryimage\"},\"image\":{\"@id\":\"https:\/\/buzosdebaru.com\/datos-curiosos-del-buceo\/#primaryimage\"},\"thumbnailUrl\":\"https:\/\/buzosdebaru.com\/wp-content\/uploads\/2024\/07\/entrada05.jpg\",\"datePublished\":\"2024-07-03T02:33:26+00:00\",\"dateModified\":\"2024-07-03T02:56:34+00:00\",\"description\":\"Conoce los conceptos b\u00e1sicos del buceo y los roles de los instructores. Aprende qu\u00e9 significa Scuba y c\u00f3mo obtener tu certificaci\u00f3n en Cartagena. \u00a1Sum\u00e9rgete en el mundo del buceo!\",\"breadcrumb\":{\"@id\":\"https:\/\/buzosdebaru.com\/datos-curiosos-del-buceo\/#breadcrumb\"},\"inLanguage\":\"en-US\",\"potentialAction\":[{\"@type\":\"ReadAction\",\"target\":[\"https:\/\/buzosdebaru.com\/datos-curiosos-del-buceo\/\"]}]},{\"@type\":\"ImageObject\",\"inLanguage\":\"en-US\",\"@id\":\"https:\/\/buzosdebaru.com\/datos-curiosos-del-buceo\/#primaryimage\",\"url\":\"https:\/\/buzosdebaru.com\/wp-content\/uploads\/2024\/07\/entrada05.jpg\",\"contentUrl\":\"https:\/\/buzosdebaru.com\/wp-content\/uploads\/2024\/07\/entrada05.jpg\"},{\"@type\":\"BreadcrumbList\",\"@id\":\"https:\/\/buzosdebaru.com\/datos-curiosos-del-buceo\/#breadcrumb\",\"itemListElement\":[{\"@type\":\"ListItem\",\"position\":1,\"name\":\"Portada\",\"item\":\"https:\/\/buzosdebaru.com\/\"},{\"@type\":\"ListItem\",\"position\":2,\"name\":\"05. Datos curiosos y conceptos b\u00e1sicos del Buceo\"}]},{\"@type\":\"WebSite\",\"@id\":\"https:\/\/buzosdebaru.com\/#website\",\"url\":\"https:\/\/buzosdebaru.com\/\",\"name\":\"Buzos de Bar\u00fa\",\"description\":\"Buzos de Bar\u00fa - El mejor buceo en Cartagena\",\"publisher\":{\"@id\":\"https:\/\/buzosdebaru.com\/#organization\"},\"potentialAction\":[{\"@type\":\"SearchAction\",\"target\":{\"@type\":\"EntryPoint\",\"urlTemplate\":\"https:\/\/buzosdebaru.com\/?s={search_term_string}\"},\"query-input\":{\"@type\":\"PropertyValueSpecification\",\"valueRequired\":true,\"valueName\":\"search_term_string\"}}],\"inLanguage\":\"en-US\"},{\"@type\":\"Organization\",\"@id\":\"https:\/\/buzosdebaru.com\/#organization\",\"name\":\"Buzos de Bar\u00fa\",\"url\":\"https:\/\/buzosdebaru.com\/\",\"logo\":{\"@type\":\"ImageObject\",\"inLanguage\":\"en-US\",\"@id\":\"https:\/\/buzosdebaru.com\/#\/schema\/logo\/image\/\",\"url\":\"https:\/\/buzosdebaru.com\/wp-content\/uploads\/2022\/11\/cropped-cropped-logo_buzosdebaru-1.png\",\"contentUrl\":\"https:\/\/buzosdebaru.com\/wp-content\/uploads\/2022\/11\/cropped-cropped-logo_buzosdebaru-1.png\",\"width\":647,\"height\":80,\"caption\":\"Buzos de Bar\u00fa\"},\"image\":{\"@id\":\"https:\/\/buzosdebaru.com\/#\/schema\/logo\/image\/\"},\"sameAs\":[\"https:\/\/www.facebook.com\/buzosdebarucartagena\",\"https:\/\/x.com\/BuzosDeBaru\",\"https:\/\/www.instagram.com\/buzosdebaru\/\",\"https:\/\/www.youtube.com\/user\/buzosdebaru\",\"https:\/\/www.tiktok.com\/@buzosdebaru?_t=8nCmo3r6P5h&_r=1\"]}]}<\/script>\n<!-- \/ Yoast SEO plugin. -->","yoast_head_json":{"title":"05. Datos curiosos y conceptos b\u00e1sicos del Buceo - Buzos de Bar\u00fa: El mejor buceo en Cartagena","description":"Conoce los conceptos b\u00e1sicos del buceo y los roles de los instructores. Aprende qu\u00e9 significa Scuba y c\u00f3mo obtener tu certificaci\u00f3n en Cartagena. \u00a1Sum\u00e9rgete en el mundo del buceo!","robots":{"index":"index","follow":"follow","max-snippet":"max-snippet:-1","max-image-preview":"max-image-preview:large","max-video-preview":"max-video-preview:-1"},"canonical":"https:\/\/buzosdebaru.com\/en\/datos-curiosos-del-buceo\/","og_locale":"en_US","og_type":"article","og_title":"05. Datos curiosos y conceptos b\u00e1sicos del Buceo - Buzos de Bar\u00fa: El mejor buceo en Cartagena","og_description":"Conoce los conceptos b\u00e1sicos del buceo y los roles de los instructores. Aprende qu\u00e9 significa Scuba y c\u00f3mo obtener tu certificaci\u00f3n en Cartagena. \u00a1Sum\u00e9rgete en el mundo del buceo!","og_url":"https:\/\/buzosdebaru.com\/en\/datos-curiosos-del-buceo\/","og_site_name":"Buzos de Bar\u00fa: El mejor buceo en Cartagena","article_publisher":"https:\/\/www.facebook.com\/buzosdebarucartagena","article_modified_time":"2024-07-03T02:56:34+00:00","og_image":[{"url":"https:\/\/buzosdebaru.com\/wp-content\/uploads\/2024\/07\/entrada05.jpg","type":"","width":"","height":""}],"twitter_card":"summary_large_image","twitter_site":"@BuzosDeBaru","twitter_misc":{"Est. reading time":"1 minute"},"schema":{"@context":"https:\/\/schema.org","@graph":[{"@type":"WebPage","@id":"https:\/\/buzosdebaru.com\/datos-curiosos-del-buceo\/","url":"https:\/\/buzosdebaru.com\/datos-curiosos-del-buceo\/","name":"05. Datos curiosos y conceptos b\u00e1sicos del Buceo - Buzos de Bar\u00fa: El mejor buceo en Cartagena","isPartOf":{"@id":"https:\/\/buzosdebaru.com\/#website"},"primaryImageOfPage":{"@id":"https:\/\/buzosdebaru.com\/datos-curiosos-del-buceo\/#primaryimage"},"image":{"@id":"https:\/\/buzosdebaru.com\/datos-curiosos-del-buceo\/#primaryimage"},"thumbnailUrl":"https:\/\/buzosdebaru.com\/wp-content\/uploads\/2024\/07\/entrada05.jpg","datePublished":"2024-07-03T02:33:26+00:00","dateModified":"2024-07-03T02:56:34+00:00","description":"Conoce los conceptos b\u00e1sicos del buceo y los roles de los instructores. Aprende qu\u00e9 significa Scuba y c\u00f3mo obtener tu certificaci\u00f3n en Cartagena. \u00a1Sum\u00e9rgete en el mundo del buceo!","breadcrumb":{"@id":"https:\/\/buzosdebaru.com\/datos-curiosos-del-buceo\/#breadcrumb"},"inLanguage":"en-US","potentialAction":[{"@type":"ReadAction","target":["https:\/\/buzosdebaru.com\/datos-curiosos-del-buceo\/"]}]},{"@type":"ImageObject","inLanguage":"en-US","@id":"https:\/\/buzosdebaru.com\/datos-curiosos-del-buceo\/#primaryimage","url":"https:\/\/buzosdebaru.com\/wp-content\/uploads\/2024\/07\/entrada05.jpg","contentUrl":"https:\/\/buzosdebaru.com\/wp-content\/uploads\/2024\/07\/entrada05.jpg"},{"@type":"BreadcrumbList","@id":"https:\/\/buzosdebaru.com\/datos-curiosos-del-buceo\/#breadcrumb","itemListElement":[{"@type":"ListItem","position":1,"name":"Portada","item":"https:\/\/buzosdebaru.com\/"},{"@type":"ListItem","position":2,"name":"05. Datos curiosos y conceptos b\u00e1sicos del Buceo"}]},{"@type":"WebSite","@id":"https:\/\/buzosdebaru.com\/#website","url":"https:\/\/buzosdebaru.com\/","name":"Buzos de Bar\u00fa","description":"Buzos de Bar\u00fa - Best scuba dive in Cartagena","publisher":{"@id":"https:\/\/buzosdebaru.com\/#organization"},"potentialAction":[{"@type":"SearchAction","target":{"@type":"EntryPoint","urlTemplate":"https:\/\/buzosdebaru.com\/?s={search_term_string}"},"query-input":{"@type":"PropertyValueSpecification","valueRequired":true,"valueName":"search_term_string"}}],"inLanguage":"en-US"},{"@type":"Organization","@id":"https:\/\/buzosdebaru.com\/#organization","name":"Buzos de Bar\u00fa","url":"https:\/\/buzosdebaru.com\/","logo":{"@type":"ImageObject","inLanguage":"en-US","@id":"https:\/\/buzosdebaru.com\/#\/schema\/logo\/image\/","url":"https:\/\/buzosdebaru.com\/wp-content\/uploads\/2022\/11\/cropped-cropped-logo_buzosdebaru-1.png","contentUrl":"https:\/\/buzosdebaru.com\/wp-content\/uploads\/2022\/11\/cropped-cropped-logo_buzosdebaru-1.png","width":647,"height":80,"caption":"Buzos de Bar\u00fa"},"image":{"@id":"https:\/\/buzosdebaru.com\/#\/schema\/logo\/image\/"},"sameAs":["https:\/\/www.facebook.com\/buzosdebarucartagena","https:\/\/x.com\/BuzosDeBaru","https:\/\/www.instagram.com\/buzosdebaru\/","https:\/\/www.youtube.com\/user\/buzosdebaru","https:\/\/www.tiktok.com\/@buzosdebaru?_t=8nCmo3r6P5h&_r=1"]}]}},"rttpg_featured_image_url":null,"rttpg_author":{"display_name":"webmaster","author_link":"https:\/\/buzosdebaru.com\/en\/author\/webmaster\/"},"rttpg_comment":0,"rttpg_category":null,"rttpg_excerpt":"Datos curiosos y conceptos b\u00e1sicos del Buceo El buceo tiene su propio vocabulario y roles espec\u00edficos que es importante entender antes de empezar a bucear.\u00a0 Los profesionales del buceo tienen diferentes niveles y roles. \u00bfQui\u00e9n puede dar una clase de buceo?Los Dive Masters pueden dar clases de buceo en piscina y llevar grupos de buzos&hellip;","_links":{"self":[{"href":"https:\/\/buzosdebaru.com\/en\/wp-json\/wp\/v2\/pages\/4377","targetHints":{"allow":["GET"]}}],"collection":[{"href":"https:\/\/buzosdebaru.com\/en\/wp-json\/wp\/v2\/pages"}],"about":[{"href":"https:\/\/buzosdebaru.com\/en\/wp-json\/wp\/v2\/types\/page"}],"author":[{"embeddable":true,"href":"https:\/\/buzosdebaru.com\/en\/wp-json\/wp\/v2\/users\/1"}],"replies":[{"embeddable":true,"href":"https:\/\/buzosdebaru.com\/en\/wp-json\/wp\/v2\/comments?post=4377"}],"version-history":[{"count":7,"href":"https:\/\/buzosdebaru.com\/en\/wp-json\/wp\/v2\/pages\/4377\/revisions"}],"predecessor-version":[{"id":4407,"href":"https:\/\/buzosdebaru.com\/en\/wp-json\/wp\/v2\/pages\/4377\/revisions\/4407"}],"wp:attachment":[{"href":"https:\/\/buzosdebaru.com\/en\/wp-json\/wp\/v2\/media?parent=4377"}],"curies":[{"name":"wp","href":"https:\/\/api.w.org\/{rel}","templated":true}]}}