{"id":4363,"date":"2024-07-02T21:20:15","date_gmt":"2024-07-03T02:20:15","guid":{"rendered":"https:\/\/buzosdebaru.com\/?page_id=4363"},"modified":"2024-07-02T21:55:10","modified_gmt":"2024-07-03T02:55:10","slug":"que-necesitas-saber-para-bucear","status":"publish","type":"page","link":"https:\/\/buzosdebaru.com\/en\/que-necesitas-saber-para-bucear\/","title":{"rendered":"What You Need to Know to Start Diving"},"content":{"rendered":"<div data-elementor-type=\"wp-page\" data-elementor-id=\"4363\" class=\"elementor elementor-4363\">\n\t\t\t\t\t\t<section class=\"elementor-section elementor-top-section elementor-element elementor-element-5d4e088 elementor-section-boxed elementor-section-height-default elementor-section-height-default\" data-id=\"5d4e088\" data-element_type=\"section\" data-e-type=\"section\">\n\t\t\t\t\t\t<div class=\"elementor-container elementor-column-gap-default\">\n\t\t\t\t\t<div class=\"elementor-column elementor-col-100 elementor-top-column elementor-element elementor-element-c69f2d5\" data-id=\"c69f2d5\" data-element_type=\"column\" data-e-type=\"column\">\n\t\t\t<div class=\"elementor-widget-wrap elementor-element-populated\">\n\t\t\t\t\t\t<div class=\"elementor-element elementor-element-b940c8d elementor-widget elementor-widget-heading\" data-id=\"b940c8d\" data-element_type=\"widget\" data-e-type=\"widget\" data-widget_type=\"heading.default\">\n\t\t\t\t<div class=\"elementor-widget-container\">\n\t\t\t\t\t<h2 class=\"elementor-heading-title elementor-size-default\">What You Need to Know to Start Diving<\/h2>\t\t\t\t<\/div>\n\t\t\t\t<\/div>\n\t\t\t\t\t<\/div>\n\t\t<\/div>\n\t\t\t\t\t<\/div>\n\t\t<\/section>\n\t\t\t\t<section class=\"elementor-section elementor-top-section elementor-element elementor-element-bc64b6a elementor-section-boxed elementor-section-height-default elementor-section-height-default\" data-id=\"bc64b6a\" data-element_type=\"section\" data-e-type=\"section\">\n\t\t\t\t\t\t<div class=\"elementor-container elementor-column-gap-default\">\n\t\t\t\t\t<div class=\"elementor-column elementor-col-66 elementor-top-column elementor-element elementor-element-dd46261\" data-id=\"dd46261\" data-element_type=\"column\" data-e-type=\"column\">\n\t\t\t<div class=\"elementor-widget-wrap elementor-element-populated\">\n\t\t\t\t\t\t<div class=\"elementor-element elementor-element-884c109 elementor-widget elementor-widget-text-editor\" data-id=\"884c109\" data-element_type=\"widget\" data-e-type=\"widget\" data-widget_type=\"text-editor.default\">\n\t\t\t\t<div class=\"elementor-widget-container\">\n\t\t\t\t\t\t\t\t\t<p>To practice diving, you need to be in good health. Some medical conditions may require medical clearance to ensure the participant's safety.<br \/>To begin diving, you should seek a professional from an accredited PADI training center like Buzos de Bar\u00fa. In addition to enthusiasm, you'll need the appropriate equipment and possibly a certification, depending on the type of diving you want to do.<\/p><p><strong>Who can practice diving?<\/strong><br \/>Anyone from 8 years of age and older can practice diving.<\/p><p><strong>At what depth do you dive?<\/strong><br \/>For uncertified individuals or beginners, the maximum depth is limited to no more than 12 meters (40 feet). For certified divers, the maximum depth for recreational diving is no more than 40 meters (130 feet), depending on the participant's experience and certification level.<\/p>\t\t\t\t\t\t\t\t<\/div>\n\t\t\t\t<\/div>\n\t\t\t\t\t<\/div>\n\t\t<\/div>\n\t\t\t\t<div class=\"elementor-column elementor-col-33 elementor-top-column elementor-element elementor-element-020c02a\" data-id=\"020c02a\" data-element_type=\"column\" data-e-type=\"column\">\n\t\t\t<div class=\"elementor-widget-wrap elementor-element-populated\">\n\t\t\t\t\t\t<div class=\"elementor-element elementor-element-e1dd74d elementor-widget elementor-widget-image\" data-id=\"e1dd74d\" data-element_type=\"widget\" data-e-type=\"widget\" data-widget_type=\"image.default\">\n\t\t\t\t<div class=\"elementor-widget-container\">\n\t\t\t\t\t\t\t\t\t\t\t\t\t\t\t<img fetchpriority=\"high\" decoding=\"async\" width=\"400\" height=\"400\" src=\"https:\/\/buzosdebaru.com\/wp-content\/uploads\/2024\/07\/entrada04.jpg\" class=\"attachment-full size-full wp-image-4367\" alt=\"buceo en cartagena\" srcset=\"https:\/\/buzosdebaru.com\/wp-content\/uploads\/2024\/07\/entrada04.jpg 400w, https:\/\/buzosdebaru.com\/wp-content\/uploads\/2024\/07\/entrada04-300x300.jpg 300w, https:\/\/buzosdebaru.com\/wp-content\/uploads\/2024\/07\/entrada04-150x150.jpg 150w, https:\/\/buzosdebaru.com\/wp-content\/uploads\/2024\/07\/entrada04-12x12.jpg 12w\" sizes=\"(max-width: 400px) 100vw, 400px\" \/>\t\t\t\t\t\t\t\t\t\t\t\t\t\t\t<\/div>\n\t\t\t\t<\/div>\n\t\t\t\t\t<\/div>\n\t\t<\/div>\n\t\t\t\t\t<\/div>\n\t\t<\/section>\n\t\t\t\t<section class=\"elementor-section elementor-top-section elementor-element elementor-element-d34a202 elementor-section-boxed elementor-section-height-default elementor-section-height-default\" data-id=\"d34a202\" data-element_type=\"section\" data-e-type=\"section\">\n\t\t\t\t\t\t<div class=\"elementor-container elementor-column-gap-default\">\n\t\t\t\t\t<div class=\"elementor-column elementor-col-100 elementor-top-column elementor-element elementor-element-868e10f\" data-id=\"868e10f\" data-element_type=\"column\" data-e-type=\"column\">\n\t\t\t<div class=\"elementor-widget-wrap elementor-element-populated\">\n\t\t\t\t\t\t<div class=\"elementor-element elementor-element-089bdaa elementor-widget elementor-widget-text-editor\" data-id=\"089bdaa\" data-element_type=\"widget\" data-e-type=\"widget\" data-widget_type=\"text-editor.default\">\n\t\t\t\t<div class=\"elementor-widget-container\">\n\t\t\t\t\t\t\t\t\t<p><strong>How long does a diving session last?<\/strong><br \/>The duration of a diving session depends on the depth and air consumption of each person. Generally, a dive can last between 30 and 60 minutes or more, depending on many factors<\/p>\t\t\t\t\t\t\t\t<\/div>\n\t\t\t\t<\/div>\n\t\t\t\t\t<\/div>\n\t\t<\/div>\n\t\t\t\t\t<\/div>\n\t\t<\/section>\n\t\t\t\t<\/div>","protected":false},"excerpt":{"rendered":"<p>Lo que necesitas saber para empezar a Bucear Para practicar buceo, necesitas estar en buen estado de salud. Algunas condiciones m\u00e9dicas pueden requerir autorizaci\u00f3n m\u00e9dica para garantizar la seguridad del participante.Para empezar a bucear, debes buscar un profesional de un centro de ense\u00f1anza PADI acreditado com los es Buzos de Bar\u00fa. Adem\u00e1s de ganas, necesitar\u00e1s [&hellip;]<\/p>\n","protected":false},"author":1,"featured_media":0,"parent":0,"menu_order":0,"comment_status":"closed","ping_status":"closed","template":"","meta":{"site-sidebar-layout":"no-sidebar","site-content-layout":"page-builder","ast-site-content-layout":"full-width-container","site-content-style":"default","site-sidebar-style":"default","ast-global-header-display":"","ast-banner-title-visibility":"","ast-main-header-display":"","ast-hfb-above-header-display":"","ast-hfb-below-header-display":"","ast-hfb-mobile-header-display":"","site-post-title":"disabled","ast-breadcrumbs-content":"","ast-featured-img":"disabled","footer-sml-layout":"","ast-disable-related-posts":"","theme-transparent-header-meta":"","adv-header-id-meta":"","stick-header-meta":"","header-above-stick-meta":"","header-main-stick-meta":"","header-below-stick-meta":"","astra-migrate-meta-layouts":"set","ast-page-background-enabled":"default","ast-page-background-meta":{"desktop":{"background-color":"var(--ast-global-color-4)","background-image":"","background-repeat":"repeat","background-position":"center center","background-size":"auto","background-attachment":"scroll","background-type":"","background-media":"","overlay-type":"","overlay-color":"","overlay-opacity":"","overlay-gradient":""},"tablet":{"background-color":"","background-image":"","background-repeat":"repeat","background-position":"center center","background-size":"auto","background-attachment":"scroll","background-type":"","background-media":"","overlay-type":"","overlay-color":"","overlay-opacity":"","overlay-gradient":""},"mobile":{"background-color":"","background-image":"","background-repeat":"repeat","background-position":"center center","background-size":"auto","background-attachment":"scroll","background-type":"","background-media":"","overlay-type":"","overlay-color":"","overlay-opacity":"","overlay-gradient":""}},"ast-content-background-meta":{"desktop":{"background-color":"var(--ast-global-color-5)","background-image":"","background-repeat":"repeat","background-position":"center center","background-size":"auto","background-attachment":"scroll","background-type":"","background-media":"","overlay-type":"","overlay-color":"","overlay-opacity":"","overlay-gradient":""},"tablet":{"background-color":"var(--ast-global-color-5)","background-image":"","background-repeat":"repeat","background-position":"center center","background-size":"auto","background-attachment":"scroll","background-type":"","background-media":"","overlay-type":"","overlay-color":"","overlay-opacity":"","overlay-gradient":""},"mobile":{"background-color":"var(--ast-global-color-5)","background-image":"","background-repeat":"repeat","background-position":"center center","background-size":"auto","background-attachment":"scroll","background-type":"","background-media":"","overlay-type":"","overlay-color":"","overlay-opacity":"","overlay-gradient":""}},"footnotes":""},"class_list":["post-4363","page","type-page","status-publish","hentry"],"yoast_head":"<!-- This site is optimized with the Yoast SEO plugin v27.0 - https:\/\/yoast.com\/product\/yoast-seo-wordpress\/ -->\n<title>04. Lo que necesitas saber para empezar a Bucear - Buzos de Bar\u00fa: El mejor buceo en Cartagena<\/title>\n<meta name=\"description\" content=\"Qu\u00e9 necesitas saber para empezar a bucear en Cartagena?. Requisitos de salud, pasos iniciales y profundidad de buceo para una experiencia segura y emocionante.\" \/>\n<meta name=\"robots\" content=\"index, follow, max-snippet:-1, max-image-preview:large, max-video-preview:-1\" \/>\n<link rel=\"canonical\" href=\"https:\/\/buzosdebaru.com\/en\/que-necesitas-saber-para-bucear\/\" \/>\n<meta property=\"og:locale\" content=\"en_US\" \/>\n<meta property=\"og:type\" content=\"article\" \/>\n<meta property=\"og:title\" content=\"04. Lo que necesitas saber para empezar a Bucear - Buzos de Bar\u00fa: El mejor buceo en Cartagena\" \/>\n<meta property=\"og:description\" content=\"Qu\u00e9 necesitas saber para empezar a bucear en Cartagena?. Requisitos de salud, pasos iniciales y profundidad de buceo para una experiencia segura y emocionante.\" \/>\n<meta property=\"og:url\" content=\"https:\/\/buzosdebaru.com\/en\/que-necesitas-saber-para-bucear\/\" \/>\n<meta property=\"og:site_name\" content=\"Buzos de Bar\u00fa: El mejor buceo en Cartagena\" \/>\n<meta property=\"article:publisher\" content=\"https:\/\/www.facebook.com\/buzosdebarucartagena\" \/>\n<meta property=\"article:modified_time\" content=\"2024-07-03T02:55:10+00:00\" \/>\n<meta property=\"og:image\" content=\"https:\/\/buzosdebaru.com\/wp-content\/uploads\/2024\/07\/entrada04.jpg\" \/>\n<meta name=\"twitter:card\" content=\"summary_large_image\" \/>\n<meta name=\"twitter:site\" content=\"@BuzosDeBaru\" \/>\n<meta name=\"twitter:label1\" content=\"Est. reading time\" \/>\n\t<meta name=\"twitter:data1\" content=\"2 minutes\" \/>\n<script type=\"application\/ld+json\" class=\"yoast-schema-graph\">{\"@context\":\"https:\/\/schema.org\",\"@graph\":[{\"@type\":\"WebPage\",\"@id\":\"https:\/\/buzosdebaru.com\/que-necesitas-saber-para-bucear\/\",\"url\":\"https:\/\/buzosdebaru.com\/que-necesitas-saber-para-bucear\/\",\"name\":\"04. Lo que necesitas saber para empezar a Bucear - Buzos de Bar\u00fa: El mejor buceo en Cartagena\",\"isPartOf\":{\"@id\":\"https:\/\/buzosdebaru.com\/#website\"},\"primaryImageOfPage\":{\"@id\":\"https:\/\/buzosdebaru.com\/que-necesitas-saber-para-bucear\/#primaryimage\"},\"image\":{\"@id\":\"https:\/\/buzosdebaru.com\/que-necesitas-saber-para-bucear\/#primaryimage\"},\"thumbnailUrl\":\"https:\/\/buzosdebaru.com\/wp-content\/uploads\/2024\/07\/entrada04.jpg\",\"datePublished\":\"2024-07-03T02:20:15+00:00\",\"dateModified\":\"2024-07-03T02:55:10+00:00\",\"description\":\"Qu\u00e9 necesitas saber para empezar a bucear en Cartagena?. Requisitos de salud, pasos iniciales y profundidad de buceo para una experiencia segura y emocionante.\",\"breadcrumb\":{\"@id\":\"https:\/\/buzosdebaru.com\/que-necesitas-saber-para-bucear\/#breadcrumb\"},\"inLanguage\":\"en-US\",\"potentialAction\":[{\"@type\":\"ReadAction\",\"target\":[\"https:\/\/buzosdebaru.com\/que-necesitas-saber-para-bucear\/\"]}]},{\"@type\":\"ImageObject\",\"inLanguage\":\"en-US\",\"@id\":\"https:\/\/buzosdebaru.com\/que-necesitas-saber-para-bucear\/#primaryimage\",\"url\":\"https:\/\/buzosdebaru.com\/wp-content\/uploads\/2024\/07\/entrada04.jpg\",\"contentUrl\":\"https:\/\/buzosdebaru.com\/wp-content\/uploads\/2024\/07\/entrada04.jpg\"},{\"@type\":\"BreadcrumbList\",\"@id\":\"https:\/\/buzosdebaru.com\/que-necesitas-saber-para-bucear\/#breadcrumb\",\"itemListElement\":[{\"@type\":\"ListItem\",\"position\":1,\"name\":\"Portada\",\"item\":\"https:\/\/buzosdebaru.com\/\"},{\"@type\":\"ListItem\",\"position\":2,\"name\":\"04. Lo que necesitas saber para empezar a Bucear\"}]},{\"@type\":\"WebSite\",\"@id\":\"https:\/\/buzosdebaru.com\/#website\",\"url\":\"https:\/\/buzosdebaru.com\/\",\"name\":\"Buzos de Bar\u00fa\",\"description\":\"Buzos de Bar\u00fa - El mejor buceo en Cartagena\",\"publisher\":{\"@id\":\"https:\/\/buzosdebaru.com\/#organization\"},\"potentialAction\":[{\"@type\":\"SearchAction\",\"target\":{\"@type\":\"EntryPoint\",\"urlTemplate\":\"https:\/\/buzosdebaru.com\/?s={search_term_string}\"},\"query-input\":{\"@type\":\"PropertyValueSpecification\",\"valueRequired\":true,\"valueName\":\"search_term_string\"}}],\"inLanguage\":\"en-US\"},{\"@type\":\"Organization\",\"@id\":\"https:\/\/buzosdebaru.com\/#organization\",\"name\":\"Buzos de Bar\u00fa\",\"url\":\"https:\/\/buzosdebaru.com\/\",\"logo\":{\"@type\":\"ImageObject\",\"inLanguage\":\"en-US\",\"@id\":\"https:\/\/buzosdebaru.com\/#\/schema\/logo\/image\/\",\"url\":\"https:\/\/buzosdebaru.com\/wp-content\/uploads\/2022\/11\/cropped-cropped-logo_buzosdebaru-1.png\",\"contentUrl\":\"https:\/\/buzosdebaru.com\/wp-content\/uploads\/2022\/11\/cropped-cropped-logo_buzosdebaru-1.png\",\"width\":647,\"height\":80,\"caption\":\"Buzos de Bar\u00fa\"},\"image\":{\"@id\":\"https:\/\/buzosdebaru.com\/#\/schema\/logo\/image\/\"},\"sameAs\":[\"https:\/\/www.facebook.com\/buzosdebarucartagena\",\"https:\/\/x.com\/BuzosDeBaru\",\"https:\/\/www.instagram.com\/buzosdebaru\/\",\"https:\/\/www.youtube.com\/user\/buzosdebaru\",\"https:\/\/www.tiktok.com\/@buzosdebaru?_t=8nCmo3r6P5h&_r=1\"]}]}<\/script>\n<!-- \/ Yoast SEO plugin. -->","yoast_head_json":{"title":"04. Lo que necesitas saber para empezar a Bucear - Buzos de Bar\u00fa: El mejor buceo en Cartagena","description":"Qu\u00e9 necesitas saber para empezar a bucear en Cartagena?. Requisitos de salud, pasos iniciales y profundidad de buceo para una experiencia segura y emocionante.","robots":{"index":"index","follow":"follow","max-snippet":"max-snippet:-1","max-image-preview":"max-image-preview:large","max-video-preview":"max-video-preview:-1"},"canonical":"https:\/\/buzosdebaru.com\/en\/que-necesitas-saber-para-bucear\/","og_locale":"en_US","og_type":"article","og_title":"04. Lo que necesitas saber para empezar a Bucear - Buzos de Bar\u00fa: El mejor buceo en Cartagena","og_description":"Qu\u00e9 necesitas saber para empezar a bucear en Cartagena?. Requisitos de salud, pasos iniciales y profundidad de buceo para una experiencia segura y emocionante.","og_url":"https:\/\/buzosdebaru.com\/en\/que-necesitas-saber-para-bucear\/","og_site_name":"Buzos de Bar\u00fa: El mejor buceo en Cartagena","article_publisher":"https:\/\/www.facebook.com\/buzosdebarucartagena","article_modified_time":"2024-07-03T02:55:10+00:00","og_image":[{"url":"https:\/\/buzosdebaru.com\/wp-content\/uploads\/2024\/07\/entrada04.jpg","type":"","width":"","height":""}],"twitter_card":"summary_large_image","twitter_site":"@BuzosDeBaru","twitter_misc":{"Est. reading time":"2 minutes"},"schema":{"@context":"https:\/\/schema.org","@graph":[{"@type":"WebPage","@id":"https:\/\/buzosdebaru.com\/que-necesitas-saber-para-bucear\/","url":"https:\/\/buzosdebaru.com\/que-necesitas-saber-para-bucear\/","name":"04. Lo que necesitas saber para empezar a Bucear - Buzos de Bar\u00fa: El mejor buceo en Cartagena","isPartOf":{"@id":"https:\/\/buzosdebaru.com\/#website"},"primaryImageOfPage":{"@id":"https:\/\/buzosdebaru.com\/que-necesitas-saber-para-bucear\/#primaryimage"},"image":{"@id":"https:\/\/buzosdebaru.com\/que-necesitas-saber-para-bucear\/#primaryimage"},"thumbnailUrl":"https:\/\/buzosdebaru.com\/wp-content\/uploads\/2024\/07\/entrada04.jpg","datePublished":"2024-07-03T02:20:15+00:00","dateModified":"2024-07-03T02:55:10+00:00","description":"Qu\u00e9 necesitas saber para empezar a bucear en Cartagena?. Requisitos de salud, pasos iniciales y profundidad de buceo para una experiencia segura y emocionante.","breadcrumb":{"@id":"https:\/\/buzosdebaru.com\/que-necesitas-saber-para-bucear\/#breadcrumb"},"inLanguage":"en-US","potentialAction":[{"@type":"ReadAction","target":["https:\/\/buzosdebaru.com\/que-necesitas-saber-para-bucear\/"]}]},{"@type":"ImageObject","inLanguage":"en-US","@id":"https:\/\/buzosdebaru.com\/que-necesitas-saber-para-bucear\/#primaryimage","url":"https:\/\/buzosdebaru.com\/wp-content\/uploads\/2024\/07\/entrada04.jpg","contentUrl":"https:\/\/buzosdebaru.com\/wp-content\/uploads\/2024\/07\/entrada04.jpg"},{"@type":"BreadcrumbList","@id":"https:\/\/buzosdebaru.com\/que-necesitas-saber-para-bucear\/#breadcrumb","itemListElement":[{"@type":"ListItem","position":1,"name":"Portada","item":"https:\/\/buzosdebaru.com\/"},{"@type":"ListItem","position":2,"name":"04. Lo que necesitas saber para empezar a Bucear"}]},{"@type":"WebSite","@id":"https:\/\/buzosdebaru.com\/#website","url":"https:\/\/buzosdebaru.com\/","name":"Buzos de Bar\u00fa","description":"Buzos de Bar\u00fa - Best scuba dive in Cartagena","publisher":{"@id":"https:\/\/buzosdebaru.com\/#organization"},"potentialAction":[{"@type":"SearchAction","target":{"@type":"EntryPoint","urlTemplate":"https:\/\/buzosdebaru.com\/?s={search_term_string}"},"query-input":{"@type":"PropertyValueSpecification","valueRequired":true,"valueName":"search_term_string"}}],"inLanguage":"en-US"},{"@type":"Organization","@id":"https:\/\/buzosdebaru.com\/#organization","name":"Buzos de Bar\u00fa","url":"https:\/\/buzosdebaru.com\/","logo":{"@type":"ImageObject","inLanguage":"en-US","@id":"https:\/\/buzosdebaru.com\/#\/schema\/logo\/image\/","url":"https:\/\/buzosdebaru.com\/wp-content\/uploads\/2022\/11\/cropped-cropped-logo_buzosdebaru-1.png","contentUrl":"https:\/\/buzosdebaru.com\/wp-content\/uploads\/2022\/11\/cropped-cropped-logo_buzosdebaru-1.png","width":647,"height":80,"caption":"Buzos de Bar\u00fa"},"image":{"@id":"https:\/\/buzosdebaru.com\/#\/schema\/logo\/image\/"},"sameAs":["https:\/\/www.facebook.com\/buzosdebarucartagena","https:\/\/x.com\/BuzosDeBaru","https:\/\/www.instagram.com\/buzosdebaru\/","https:\/\/www.youtube.com\/user\/buzosdebaru","https:\/\/www.tiktok.com\/@buzosdebaru?_t=8nCmo3r6P5h&_r=1"]}]}},"rttpg_featured_image_url":null,"rttpg_author":{"display_name":"webmaster","author_link":"https:\/\/buzosdebaru.com\/en\/author\/webmaster\/"},"rttpg_comment":0,"rttpg_category":null,"rttpg_excerpt":"Lo que necesitas saber para empezar a Bucear Para practicar buceo, necesitas estar en buen estado de salud. Algunas condiciones m\u00e9dicas pueden requerir autorizaci\u00f3n m\u00e9dica para garantizar la seguridad del participante.Para empezar a bucear, debes buscar un profesional de un centro de ense\u00f1anza PADI acreditado com los es Buzos de Bar\u00fa. Adem\u00e1s de ganas, necesitar\u00e1s&hellip;","_links":{"self":[{"href":"https:\/\/buzosdebaru.com\/en\/wp-json\/wp\/v2\/pages\/4363","targetHints":{"allow":["GET"]}}],"collection":[{"href":"https:\/\/buzosdebaru.com\/en\/wp-json\/wp\/v2\/pages"}],"about":[{"href":"https:\/\/buzosdebaru.com\/en\/wp-json\/wp\/v2\/types\/page"}],"author":[{"embeddable":true,"href":"https:\/\/buzosdebaru.com\/en\/wp-json\/wp\/v2\/users\/1"}],"replies":[{"embeddable":true,"href":"https:\/\/buzosdebaru.com\/en\/wp-json\/wp\/v2\/comments?post=4363"}],"version-history":[{"count":7,"href":"https:\/\/buzosdebaru.com\/en\/wp-json\/wp\/v2\/pages\/4363\/revisions"}],"predecessor-version":[{"id":4404,"href":"https:\/\/buzosdebaru.com\/en\/wp-json\/wp\/v2\/pages\/4363\/revisions\/4404"}],"wp:attachment":[{"href":"https:\/\/buzosdebaru.com\/en\/wp-json\/wp\/v2\/media?parent=4363"}],"curies":[{"name":"wp","href":"https:\/\/api.w.org\/{rel}","templated":true}]}}