{"id":4353,"date":"2024-07-02T20:46:50","date_gmt":"2024-07-03T01:46:50","guid":{"rendered":"https:\/\/buzosdebaru.com\/?page_id=4353"},"modified":"2024-07-02T21:53:47","modified_gmt":"2024-07-03T02:53:47","slug":"clases-y-certificaciones-de-buceo-en-cartagena","status":"publish","type":"page","link":"https:\/\/buzosdebaru.com\/en\/clases-y-certificaciones-de-buceo-en-cartagena\/","title":{"rendered":"03. PADI Diving Classes and Certifications in Cartagena"},"content":{"rendered":"<div data-elementor-type=\"wp-page\" data-elementor-id=\"4353\" class=\"elementor elementor-4353\">\n\t\t\t\t\t\t<section class=\"elementor-section elementor-top-section elementor-element elementor-element-d7396da elementor-section-boxed elementor-section-height-default elementor-section-height-default\" data-id=\"d7396da\" data-element_type=\"section\" data-e-type=\"section\">\n\t\t\t\t\t\t<div class=\"elementor-container elementor-column-gap-default\">\n\t\t\t\t\t<div class=\"elementor-column elementor-col-100 elementor-top-column elementor-element elementor-element-b2b6c6d\" data-id=\"b2b6c6d\" data-element_type=\"column\" data-e-type=\"column\">\n\t\t\t<div class=\"elementor-widget-wrap elementor-element-populated\">\n\t\t\t\t\t\t<div class=\"elementor-element elementor-element-bec43cb elementor-widget elementor-widget-heading\" data-id=\"bec43cb\" data-element_type=\"widget\" data-e-type=\"widget\" data-widget_type=\"heading.default\">\n\t\t\t\t<div class=\"elementor-widget-container\">\n\t\t\t\t\t<h2 class=\"elementor-heading-title elementor-size-default\">PADI Diving Classes and Certifications in Cartagena<\/h2>\t\t\t\t<\/div>\n\t\t\t\t<\/div>\n\t\t\t\t\t<\/div>\n\t\t<\/div>\n\t\t\t\t\t<\/div>\n\t\t<\/section>\n\t\t\t\t<section class=\"elementor-section elementor-top-section elementor-element elementor-element-5758e4a elementor-section-boxed elementor-section-height-default elementor-section-height-default\" data-id=\"5758e4a\" data-element_type=\"section\" data-e-type=\"section\">\n\t\t\t\t\t\t<div class=\"elementor-container elementor-column-gap-default\">\n\t\t\t\t\t<div class=\"elementor-column elementor-col-66 elementor-top-column elementor-element elementor-element-2fa8d96\" data-id=\"2fa8d96\" data-element_type=\"column\" data-e-type=\"column\">\n\t\t\t<div class=\"elementor-widget-wrap elementor-element-populated\">\n\t\t\t\t\t\t<div class=\"elementor-element elementor-element-336affc elementor-widget elementor-widget-text-editor\" data-id=\"336affc\" data-element_type=\"widget\" data-e-type=\"widget\" data-widget_type=\"text-editor.default\">\n\t\t\t\t<div class=\"elementor-widget-container\">\n\t\t\t\t\t\t\t\t\t<p>In Cartagena, you can obtain various diving certifications, with the most popular being the PADI certification. You can also take one-day experience courses if you're not seeking a full certification.<\/p><p>For safety, the maximum ratio for beginners or uncertified divers is four participants per instructor. For certified divers, the ratio is six participants per instructor or Dive Master. These ratios may be reduced if there are children, individuals with special needs, or adverse weather conditions.<\/p><p><strong>How much are diving classes?*<\/strong><br \/>Diving classes to obtain the PADI certification in Cartagena range between US$455 and US$550. One-day experience courses range between US$135 and US$190. <a href=\"https:\/\/buzosdebaru.com\/en\/minicurso\/\" target=\"_blank\" rel=\"noopener\">Take a look of our Mini Course<\/a> and start your certification right away.<\/p><p><strong>How many people are there with each instructor?<\/strong><br \/>The maximum ratio for beginners is four participants per instructor. For certified divers, the ratio is six participants per instructor or Dive Master.<\/p>\t\t\t\t\t\t\t\t<\/div>\n\t\t\t\t<\/div>\n\t\t\t\t\t<\/div>\n\t\t<\/div>\n\t\t\t\t<div class=\"elementor-column elementor-col-33 elementor-top-column elementor-element elementor-element-d506035\" data-id=\"d506035\" data-element_type=\"column\" data-e-type=\"column\">\n\t\t\t<div class=\"elementor-widget-wrap elementor-element-populated\">\n\t\t\t\t\t\t<div class=\"elementor-element elementor-element-ff08a26 elementor-widget elementor-widget-image\" data-id=\"ff08a26\" data-element_type=\"widget\" data-e-type=\"widget\" data-widget_type=\"image.default\">\n\t\t\t\t<div class=\"elementor-widget-container\">\n\t\t\t\t\t\t\t\t\t\t\t\t\t\t\t<img fetchpriority=\"high\" decoding=\"async\" width=\"463\" height=\"663\" src=\"https:\/\/buzosdebaru.com\/wp-content\/uploads\/2024\/07\/entrada02.png\" class=\"attachment-large size-large wp-image-4193\" alt=\"Certificaci\u00f3n PADI en Cartagena\" srcset=\"https:\/\/buzosdebaru.com\/wp-content\/uploads\/2024\/07\/entrada02.png 463w, https:\/\/buzosdebaru.com\/wp-content\/uploads\/2024\/07\/entrada02-210x300.png 210w, https:\/\/buzosdebaru.com\/wp-content\/uploads\/2024\/07\/entrada02-8x12.png 8w\" sizes=\"(max-width: 463px) 100vw, 463px\" \/>\t\t\t\t\t\t\t\t\t\t\t\t\t\t\t<\/div>\n\t\t\t\t<\/div>\n\t\t\t\t\t<\/div>\n\t\t<\/div>\n\t\t\t\t\t<\/div>\n\t\t<\/section>\n\t\t\t\t<section class=\"elementor-section elementor-top-section elementor-element elementor-element-8bb59c7 elementor-section-boxed elementor-section-height-default elementor-section-height-default\" data-id=\"8bb59c7\" data-element_type=\"section\" data-e-type=\"section\">\n\t\t\t\t\t\t<div class=\"elementor-container elementor-column-gap-default\">\n\t\t\t\t\t<div class=\"elementor-column elementor-col-100 elementor-top-column elementor-element elementor-element-9a3a7fa\" data-id=\"9a3a7fa\" data-element_type=\"column\" data-e-type=\"column\">\n\t\t\t<div class=\"elementor-widget-wrap elementor-element-populated\">\n\t\t\t\t\t\t<div class=\"elementor-element elementor-element-f6da165 elementor-widget elementor-widget-text-editor\" data-id=\"f6da165\" data-element_type=\"widget\" data-e-type=\"widget\" data-widget_type=\"text-editor.default\">\n\t\t\t\t<div class=\"elementor-widget-container\">\n\t\t\t\t\t\t\t\t\t<p><strong>How much does the PADI Open Water certification cost?<\/strong><br \/>Diving classes to obtain the PADI Open Water certification in Cartagena range between US$455 and US$550. <a href=\"https:\/\/buzosdebaru.com\/en\/aguasabiertas\/\" target=\"_blank\" rel=\"noopener\">Here you can see more details about our PADI Open Water certification course.<\/a><\/p><p><strong>How long does a diving class last?<\/strong><br \/>The theoretical training for a one-day experience course can last about 30 minutes. The same training for the first-level certification course can last about 10 hours.<\/p>\t\t\t\t\t\t\t\t<\/div>\n\t\t\t\t<\/div>\n\t\t\t\t\t<\/div>\n\t\t<\/div>\n\t\t\t\t\t<\/div>\n\t\t<\/section>\n\t\t\t\t<\/div>","protected":false},"excerpt":{"rendered":"<p>Clases y Certificaciones de buceo PADI en Cartagena En Cartagena, puedes obtener varias certificaciones de buceo, siendo la m\u00e1s popular la certificaci\u00f3n PADI. Tambi\u00e9n puedes tomar cursos de experiencia de un d\u00eda si no buscas una certificaci\u00f3n completa. Por seguridad, la proporci\u00f3n m\u00e1xima para principiantes o buzos sin certificaci\u00f3n es de cuatro participantes por instructor. [&hellip;]<\/p>\n","protected":false},"author":1,"featured_media":0,"parent":0,"menu_order":0,"comment_status":"closed","ping_status":"closed","template":"","meta":{"site-sidebar-layout":"no-sidebar","site-content-layout":"page-builder","ast-site-content-layout":"full-width-container","site-content-style":"default","site-sidebar-style":"default","ast-global-header-display":"","ast-banner-title-visibility":"","ast-main-header-display":"","ast-hfb-above-header-display":"","ast-hfb-below-header-display":"","ast-hfb-mobile-header-display":"","site-post-title":"disabled","ast-breadcrumbs-content":"","ast-featured-img":"disabled","footer-sml-layout":"","ast-disable-related-posts":"","theme-transparent-header-meta":"","adv-header-id-meta":"","stick-header-meta":"","header-above-stick-meta":"","header-main-stick-meta":"","header-below-stick-meta":"","astra-migrate-meta-layouts":"set","ast-page-background-enabled":"default","ast-page-background-meta":{"desktop":{"background-color":"var(--ast-global-color-4)","background-image":"","background-repeat":"repeat","background-position":"center center","background-size":"auto","background-attachment":"scroll","background-type":"","background-media":"","overlay-type":"","overlay-color":"","overlay-opacity":"","overlay-gradient":""},"tablet":{"background-color":"","background-image":"","background-repeat":"repeat","background-position":"center center","background-size":"auto","background-attachment":"scroll","background-type":"","background-media":"","overlay-type":"","overlay-color":"","overlay-opacity":"","overlay-gradient":""},"mobile":{"background-color":"","background-image":"","background-repeat":"repeat","background-position":"center center","background-size":"auto","background-attachment":"scroll","background-type":"","background-media":"","overlay-type":"","overlay-color":"","overlay-opacity":"","overlay-gradient":""}},"ast-content-background-meta":{"desktop":{"background-color":"var(--ast-global-color-5)","background-image":"","background-repeat":"repeat","background-position":"center center","background-size":"auto","background-attachment":"scroll","background-type":"","background-media":"","overlay-type":"","overlay-color":"","overlay-opacity":"","overlay-gradient":""},"tablet":{"background-color":"var(--ast-global-color-5)","background-image":"","background-repeat":"repeat","background-position":"center center","background-size":"auto","background-attachment":"scroll","background-type":"","background-media":"","overlay-type":"","overlay-color":"","overlay-opacity":"","overlay-gradient":""},"mobile":{"background-color":"var(--ast-global-color-5)","background-image":"","background-repeat":"repeat","background-position":"center center","background-size":"auto","background-attachment":"scroll","background-type":"","background-media":"","overlay-type":"","overlay-color":"","overlay-opacity":"","overlay-gradient":""}},"footnotes":""},"class_list":["post-4353","page","type-page","status-publish","hentry"],"yoast_head":"<!-- This site is optimized with the Yoast SEO plugin v27.0 - https:\/\/yoast.com\/product\/yoast-seo-wordpress\/ -->\n<title>03. Clases y Certificaciones de buceo PADI en Cartagena - Buzos de Bar\u00fa: El mejor buceo en Cartagena<\/title>\n<meta name=\"description\" content=\"Aprende sobre las clases de buceo y certificaciones PADI en Cartagena. Conoce los precios, los tipos de certificaci\u00f3n y empieza ya tu aventura submarina.\" \/>\n<meta name=\"robots\" content=\"index, follow, max-snippet:-1, max-image-preview:large, max-video-preview:-1\" \/>\n<link rel=\"canonical\" href=\"https:\/\/buzosdebaru.com\/en\/clases-y-certificaciones-de-buceo-en-cartagena\/\" \/>\n<meta property=\"og:locale\" content=\"en_US\" \/>\n<meta property=\"og:type\" content=\"article\" \/>\n<meta property=\"og:title\" content=\"03. Clases y Certificaciones de buceo PADI en Cartagena - Buzos de Bar\u00fa: El mejor buceo en Cartagena\" \/>\n<meta property=\"og:description\" content=\"Aprende sobre las clases de buceo y certificaciones PADI en Cartagena. Conoce los precios, los tipos de certificaci\u00f3n y empieza ya tu aventura submarina.\" \/>\n<meta property=\"og:url\" content=\"https:\/\/buzosdebaru.com\/en\/clases-y-certificaciones-de-buceo-en-cartagena\/\" \/>\n<meta property=\"og:site_name\" content=\"Buzos de Bar\u00fa: El mejor buceo en Cartagena\" \/>\n<meta property=\"article:publisher\" content=\"https:\/\/www.facebook.com\/buzosdebarucartagena\" \/>\n<meta property=\"article:modified_time\" content=\"2024-07-03T02:53:47+00:00\" \/>\n<meta property=\"og:image\" content=\"https:\/\/buzosdebaru.com\/wp-content\/uploads\/2024\/07\/entrada02.png\" \/>\n<meta name=\"twitter:card\" content=\"summary_large_image\" \/>\n<meta name=\"twitter:site\" content=\"@BuzosDeBaru\" \/>\n<meta name=\"twitter:label1\" content=\"Est. reading time\" \/>\n\t<meta name=\"twitter:data1\" content=\"2 minutes\" \/>\n<script type=\"application\/ld+json\" class=\"yoast-schema-graph\">{\"@context\":\"https:\/\/schema.org\",\"@graph\":[{\"@type\":\"WebPage\",\"@id\":\"https:\/\/buzosdebaru.com\/clases-y-certificaciones-de-buceo-en-cartagena\/\",\"url\":\"https:\/\/buzosdebaru.com\/clases-y-certificaciones-de-buceo-en-cartagena\/\",\"name\":\"03. Clases y Certificaciones de buceo PADI en Cartagena - Buzos de Bar\u00fa: El mejor buceo en Cartagena\",\"isPartOf\":{\"@id\":\"https:\/\/buzosdebaru.com\/#website\"},\"primaryImageOfPage\":{\"@id\":\"https:\/\/buzosdebaru.com\/clases-y-certificaciones-de-buceo-en-cartagena\/#primaryimage\"},\"image\":{\"@id\":\"https:\/\/buzosdebaru.com\/clases-y-certificaciones-de-buceo-en-cartagena\/#primaryimage\"},\"thumbnailUrl\":\"https:\/\/buzosdebaru.com\/wp-content\/uploads\/2024\/07\/entrada02.png\",\"datePublished\":\"2024-07-03T01:46:50+00:00\",\"dateModified\":\"2024-07-03T02:53:47+00:00\",\"description\":\"Aprende sobre las clases de buceo y certificaciones PADI en Cartagena. Conoce los precios, los tipos de certificaci\u00f3n y empieza ya tu aventura submarina.\",\"breadcrumb\":{\"@id\":\"https:\/\/buzosdebaru.com\/clases-y-certificaciones-de-buceo-en-cartagena\/#breadcrumb\"},\"inLanguage\":\"en-US\",\"potentialAction\":[{\"@type\":\"ReadAction\",\"target\":[\"https:\/\/buzosdebaru.com\/clases-y-certificaciones-de-buceo-en-cartagena\/\"]}]},{\"@type\":\"ImageObject\",\"inLanguage\":\"en-US\",\"@id\":\"https:\/\/buzosdebaru.com\/clases-y-certificaciones-de-buceo-en-cartagena\/#primaryimage\",\"url\":\"https:\/\/buzosdebaru.com\/wp-content\/uploads\/2024\/07\/entrada02.png\",\"contentUrl\":\"https:\/\/buzosdebaru.com\/wp-content\/uploads\/2024\/07\/entrada02.png\"},{\"@type\":\"BreadcrumbList\",\"@id\":\"https:\/\/buzosdebaru.com\/clases-y-certificaciones-de-buceo-en-cartagena\/#breadcrumb\",\"itemListElement\":[{\"@type\":\"ListItem\",\"position\":1,\"name\":\"Portada\",\"item\":\"https:\/\/buzosdebaru.com\/\"},{\"@type\":\"ListItem\",\"position\":2,\"name\":\"03. Clases y Certificaciones de buceo PADI en Cartagena\"}]},{\"@type\":\"WebSite\",\"@id\":\"https:\/\/buzosdebaru.com\/#website\",\"url\":\"https:\/\/buzosdebaru.com\/\",\"name\":\"Buzos de Bar\u00fa\",\"description\":\"Buzos de Bar\u00fa - El mejor buceo en Cartagena\",\"publisher\":{\"@id\":\"https:\/\/buzosdebaru.com\/#organization\"},\"potentialAction\":[{\"@type\":\"SearchAction\",\"target\":{\"@type\":\"EntryPoint\",\"urlTemplate\":\"https:\/\/buzosdebaru.com\/?s={search_term_string}\"},\"query-input\":{\"@type\":\"PropertyValueSpecification\",\"valueRequired\":true,\"valueName\":\"search_term_string\"}}],\"inLanguage\":\"en-US\"},{\"@type\":\"Organization\",\"@id\":\"https:\/\/buzosdebaru.com\/#organization\",\"name\":\"Buzos de Bar\u00fa\",\"url\":\"https:\/\/buzosdebaru.com\/\",\"logo\":{\"@type\":\"ImageObject\",\"inLanguage\":\"en-US\",\"@id\":\"https:\/\/buzosdebaru.com\/#\/schema\/logo\/image\/\",\"url\":\"https:\/\/buzosdebaru.com\/wp-content\/uploads\/2022\/11\/cropped-cropped-logo_buzosdebaru-1.png\",\"contentUrl\":\"https:\/\/buzosdebaru.com\/wp-content\/uploads\/2022\/11\/cropped-cropped-logo_buzosdebaru-1.png\",\"width\":647,\"height\":80,\"caption\":\"Buzos de Bar\u00fa\"},\"image\":{\"@id\":\"https:\/\/buzosdebaru.com\/#\/schema\/logo\/image\/\"},\"sameAs\":[\"https:\/\/www.facebook.com\/buzosdebarucartagena\",\"https:\/\/x.com\/BuzosDeBaru\",\"https:\/\/www.instagram.com\/buzosdebaru\/\",\"https:\/\/www.youtube.com\/user\/buzosdebaru\",\"https:\/\/www.tiktok.com\/@buzosdebaru?_t=8nCmo3r6P5h&_r=1\"]}]}<\/script>\n<!-- \/ Yoast SEO plugin. -->","yoast_head_json":{"title":"03. Clases y Certificaciones de buceo PADI en Cartagena - Buzos de Bar\u00fa: El mejor buceo en Cartagena","description":"Aprende sobre las clases de buceo y certificaciones PADI en Cartagena. Conoce los precios, los tipos de certificaci\u00f3n y empieza ya tu aventura submarina.","robots":{"index":"index","follow":"follow","max-snippet":"max-snippet:-1","max-image-preview":"max-image-preview:large","max-video-preview":"max-video-preview:-1"},"canonical":"https:\/\/buzosdebaru.com\/en\/clases-y-certificaciones-de-buceo-en-cartagena\/","og_locale":"en_US","og_type":"article","og_title":"03. Clases y Certificaciones de buceo PADI en Cartagena - Buzos de Bar\u00fa: El mejor buceo en Cartagena","og_description":"Aprende sobre las clases de buceo y certificaciones PADI en Cartagena. Conoce los precios, los tipos de certificaci\u00f3n y empieza ya tu aventura submarina.","og_url":"https:\/\/buzosdebaru.com\/en\/clases-y-certificaciones-de-buceo-en-cartagena\/","og_site_name":"Buzos de Bar\u00fa: El mejor buceo en Cartagena","article_publisher":"https:\/\/www.facebook.com\/buzosdebarucartagena","article_modified_time":"2024-07-03T02:53:47+00:00","og_image":[{"url":"https:\/\/buzosdebaru.com\/wp-content\/uploads\/2024\/07\/entrada02.png","type":"","width":"","height":""}],"twitter_card":"summary_large_image","twitter_site":"@BuzosDeBaru","twitter_misc":{"Est. reading time":"2 minutes"},"schema":{"@context":"https:\/\/schema.org","@graph":[{"@type":"WebPage","@id":"https:\/\/buzosdebaru.com\/clases-y-certificaciones-de-buceo-en-cartagena\/","url":"https:\/\/buzosdebaru.com\/clases-y-certificaciones-de-buceo-en-cartagena\/","name":"03. Clases y Certificaciones de buceo PADI en Cartagena - Buzos de Bar\u00fa: El mejor buceo en Cartagena","isPartOf":{"@id":"https:\/\/buzosdebaru.com\/#website"},"primaryImageOfPage":{"@id":"https:\/\/buzosdebaru.com\/clases-y-certificaciones-de-buceo-en-cartagena\/#primaryimage"},"image":{"@id":"https:\/\/buzosdebaru.com\/clases-y-certificaciones-de-buceo-en-cartagena\/#primaryimage"},"thumbnailUrl":"https:\/\/buzosdebaru.com\/wp-content\/uploads\/2024\/07\/entrada02.png","datePublished":"2024-07-03T01:46:50+00:00","dateModified":"2024-07-03T02:53:47+00:00","description":"Aprende sobre las clases de buceo y certificaciones PADI en Cartagena. Conoce los precios, los tipos de certificaci\u00f3n y empieza ya tu aventura submarina.","breadcrumb":{"@id":"https:\/\/buzosdebaru.com\/clases-y-certificaciones-de-buceo-en-cartagena\/#breadcrumb"},"inLanguage":"en-US","potentialAction":[{"@type":"ReadAction","target":["https:\/\/buzosdebaru.com\/clases-y-certificaciones-de-buceo-en-cartagena\/"]}]},{"@type":"ImageObject","inLanguage":"en-US","@id":"https:\/\/buzosdebaru.com\/clases-y-certificaciones-de-buceo-en-cartagena\/#primaryimage","url":"https:\/\/buzosdebaru.com\/wp-content\/uploads\/2024\/07\/entrada02.png","contentUrl":"https:\/\/buzosdebaru.com\/wp-content\/uploads\/2024\/07\/entrada02.png"},{"@type":"BreadcrumbList","@id":"https:\/\/buzosdebaru.com\/clases-y-certificaciones-de-buceo-en-cartagena\/#breadcrumb","itemListElement":[{"@type":"ListItem","position":1,"name":"Portada","item":"https:\/\/buzosdebaru.com\/"},{"@type":"ListItem","position":2,"name":"03. Clases y Certificaciones de buceo PADI en Cartagena"}]},{"@type":"WebSite","@id":"https:\/\/buzosdebaru.com\/#website","url":"https:\/\/buzosdebaru.com\/","name":"Buzos de Bar\u00fa","description":"Buzos de Bar\u00fa - Best scuba dive in Cartagena","publisher":{"@id":"https:\/\/buzosdebaru.com\/#organization"},"potentialAction":[{"@type":"SearchAction","target":{"@type":"EntryPoint","urlTemplate":"https:\/\/buzosdebaru.com\/?s={search_term_string}"},"query-input":{"@type":"PropertyValueSpecification","valueRequired":true,"valueName":"search_term_string"}}],"inLanguage":"en-US"},{"@type":"Organization","@id":"https:\/\/buzosdebaru.com\/#organization","name":"Buzos de Bar\u00fa","url":"https:\/\/buzosdebaru.com\/","logo":{"@type":"ImageObject","inLanguage":"en-US","@id":"https:\/\/buzosdebaru.com\/#\/schema\/logo\/image\/","url":"https:\/\/buzosdebaru.com\/wp-content\/uploads\/2022\/11\/cropped-cropped-logo_buzosdebaru-1.png","contentUrl":"https:\/\/buzosdebaru.com\/wp-content\/uploads\/2022\/11\/cropped-cropped-logo_buzosdebaru-1.png","width":647,"height":80,"caption":"Buzos de Bar\u00fa"},"image":{"@id":"https:\/\/buzosdebaru.com\/#\/schema\/logo\/image\/"},"sameAs":["https:\/\/www.facebook.com\/buzosdebarucartagena","https:\/\/x.com\/BuzosDeBaru","https:\/\/www.instagram.com\/buzosdebaru\/","https:\/\/www.youtube.com\/user\/buzosdebaru","https:\/\/www.tiktok.com\/@buzosdebaru?_t=8nCmo3r6P5h&_r=1"]}]}},"rttpg_featured_image_url":null,"rttpg_author":{"display_name":"webmaster","author_link":"https:\/\/buzosdebaru.com\/en\/author\/webmaster\/"},"rttpg_comment":0,"rttpg_category":null,"rttpg_excerpt":"Clases y Certificaciones de buceo PADI en Cartagena En Cartagena, puedes obtener varias certificaciones de buceo, siendo la m\u00e1s popular la certificaci\u00f3n PADI. Tambi\u00e9n puedes tomar cursos de experiencia de un d\u00eda si no buscas una certificaci\u00f3n completa. Por seguridad, la proporci\u00f3n m\u00e1xima para principiantes o buzos sin certificaci\u00f3n es de cuatro participantes por instructor.&hellip;","_links":{"self":[{"href":"https:\/\/buzosdebaru.com\/en\/wp-json\/wp\/v2\/pages\/4353","targetHints":{"allow":["GET"]}}],"collection":[{"href":"https:\/\/buzosdebaru.com\/en\/wp-json\/wp\/v2\/pages"}],"about":[{"href":"https:\/\/buzosdebaru.com\/en\/wp-json\/wp\/v2\/types\/page"}],"author":[{"embeddable":true,"href":"https:\/\/buzosdebaru.com\/en\/wp-json\/wp\/v2\/users\/1"}],"replies":[{"embeddable":true,"href":"https:\/\/buzosdebaru.com\/en\/wp-json\/wp\/v2\/comments?post=4353"}],"version-history":[{"count":7,"href":"https:\/\/buzosdebaru.com\/en\/wp-json\/wp\/v2\/pages\/4353\/revisions"}],"predecessor-version":[{"id":4401,"href":"https:\/\/buzosdebaru.com\/en\/wp-json\/wp\/v2\/pages\/4353\/revisions\/4401"}],"wp:attachment":[{"href":"https:\/\/buzosdebaru.com\/en\/wp-json\/wp\/v2\/media?parent=4353"}],"curies":[{"name":"wp","href":"https:\/\/api.w.org\/{rel}","templated":true}]}}