{"id":4338,"date":"2024-07-02T20:33:30","date_gmt":"2024-07-03T01:33:30","guid":{"rendered":"https:\/\/buzosdebaru.com\/?page_id=4338"},"modified":"2024-07-02T21:51:05","modified_gmt":"2024-07-03T02:51:05","slug":"actividades-en-el-mar-en-cartagena","status":"publish","type":"page","link":"https:\/\/buzosdebaru.com\/en\/actividades-en-el-mar-en-cartagena\/","title":{"rendered":"02. Activities in the Sea in Cartagena: More Than Diving"},"content":{"rendered":"<div data-elementor-type=\"wp-page\" data-elementor-id=\"4338\" class=\"elementor elementor-4338\">\n\t\t\t\t\t\t<section class=\"elementor-section elementor-top-section elementor-element elementor-element-87eacba elementor-section-boxed elementor-section-height-default elementor-section-height-default\" data-id=\"87eacba\" data-element_type=\"section\" data-e-type=\"section\">\n\t\t\t\t\t\t<div class=\"elementor-container elementor-column-gap-default\">\n\t\t\t\t\t<div class=\"elementor-column elementor-col-100 elementor-top-column elementor-element elementor-element-3ab6f23\" data-id=\"3ab6f23\" data-element_type=\"column\" data-e-type=\"column\">\n\t\t\t<div class=\"elementor-widget-wrap elementor-element-populated\">\n\t\t\t\t\t\t<div class=\"elementor-element elementor-element-3d4e453 elementor-widget elementor-widget-heading\" data-id=\"3d4e453\" data-element_type=\"widget\" data-e-type=\"widget\" data-widget_type=\"heading.default\">\n\t\t\t\t<div class=\"elementor-widget-container\">\n\t\t\t\t\t<h2 class=\"elementor-heading-title elementor-size-default\">Activities at Sea in Cartagena: More Than Diving<\/h2>\t\t\t\t<\/div>\n\t\t\t\t<\/div>\n\t\t\t\t\t<\/div>\n\t\t<\/div>\n\t\t\t\t\t<\/div>\n\t\t<\/section>\n\t\t\t\t<section class=\"elementor-section elementor-top-section elementor-element elementor-element-9a674cf elementor-section-boxed elementor-section-height-default elementor-section-height-default\" data-id=\"9a674cf\" data-element_type=\"section\" data-e-type=\"section\">\n\t\t\t\t\t\t<div class=\"elementor-container elementor-column-gap-default\">\n\t\t\t\t\t<div class=\"elementor-column elementor-col-66 elementor-top-column elementor-element elementor-element-c343da9\" data-id=\"c343da9\" data-element_type=\"column\" data-e-type=\"column\">\n\t\t\t<div class=\"elementor-widget-wrap elementor-element-populated\">\n\t\t\t\t\t\t<div class=\"elementor-element elementor-element-d6557f4 elementor-widget elementor-widget-text-editor\" data-id=\"d6557f4\" data-element_type=\"widget\" data-e-type=\"widget\" data-widget_type=\"text-editor.default\">\n\t\t\t\t<div class=\"elementor-widget-container\">\n\t\t\t\t\t\t\t\t\t<p>Cartagena, a renowned tourist destination in Colombia, offers a variety of water activities in addition to diving. While diving is a major attraction, those looking to explore marine life without needing certification can enjoy activities such as snorkeling and swimming with dolphins.<\/p><p><strong>Snorkeling in Cartagena<\/strong><\/p><p>Snorkeling is an excellent alternative for those wanting to discover Cartagena's underwater richness without the need for complex diving equipment. The reefs of Isla Bar\u00fa, Islas del Rosario, Bajos de Salmedina, and Isla de Tierra Bomba are ideal places for this activity. These sites offer crystal-clear waters and a diverse marine life, including colorful corals, tropical fish, and other fascinating marine organisms. Visibility is usually excellent, allowing snorkelers to enjoy a clear and vibrant view of the underwater ecosystem. Check out our snorkeling outing plan, you'll be amazed! <a href=\"https:\/\/buzosdebaru.com\/en\/salidasnorkel\/\" target=\"_blank\" rel=\"noopener\">Consulta nuestro plan de salida de snorkel<\/a> te sorprender\u00e1s!<\/p><p><strong>Swimming with Dolphins<\/strong><\/p><p>Another popular activity in Cartagena is swimming with dolphins. This unique experience can be enjoyed in the Islas del Rosario, where visitors have the opportunity to interact closely with these incredible marine mammals. Swimming with dolphins is an educational and exciting activity, perfect for families and animal lovers.<\/p>\t\t\t\t\t\t\t\t<\/div>\n\t\t\t\t<\/div>\n\t\t\t\t\t<\/div>\n\t\t<\/div>\n\t\t\t\t<div class=\"elementor-column elementor-col-33 elementor-top-column elementor-element elementor-element-9208cc8\" data-id=\"9208cc8\" data-element_type=\"column\" data-e-type=\"column\">\n\t\t\t<div class=\"elementor-widget-wrap elementor-element-populated\">\n\t\t\t\t\t\t<div class=\"elementor-element elementor-element-c3ccc87 elementor-widget elementor-widget-image\" data-id=\"c3ccc87\" data-element_type=\"widget\" data-e-type=\"widget\" data-widget_type=\"image.default\">\n\t\t\t\t<div class=\"elementor-widget-container\">\n\t\t\t\t\t\t\t\t\t\t\t\t\t\t\t<img fetchpriority=\"high\" decoding=\"async\" width=\"400\" height=\"580\" src=\"https:\/\/buzosdebaru.com\/wp-content\/uploads\/2024\/07\/entrada03.png\" class=\"attachment-large size-large wp-image-4256\" alt=\"buceo en cartagena\" srcset=\"https:\/\/buzosdebaru.com\/wp-content\/uploads\/2024\/07\/entrada03.png 400w, https:\/\/buzosdebaru.com\/wp-content\/uploads\/2024\/07\/entrada03-207x300.png 207w, https:\/\/buzosdebaru.com\/wp-content\/uploads\/2024\/07\/entrada03-8x12.png 8w\" sizes=\"(max-width: 400px) 100vw, 400px\" \/>\t\t\t\t\t\t\t\t\t\t\t\t\t\t\t<\/div>\n\t\t\t\t<\/div>\n\t\t\t\t\t<\/div>\n\t\t<\/div>\n\t\t\t\t\t<\/div>\n\t\t<\/section>\n\t\t\t\t<section class=\"elementor-section elementor-top-section elementor-element elementor-element-c5c12a6 elementor-section-boxed elementor-section-height-default elementor-section-height-default\" data-id=\"c5c12a6\" data-element_type=\"section\" data-e-type=\"section\">\n\t\t\t\t\t\t<div class=\"elementor-container elementor-column-gap-default\">\n\t\t\t\t\t<div class=\"elementor-column elementor-col-100 elementor-top-column elementor-element elementor-element-a4d2136\" data-id=\"a4d2136\" data-element_type=\"column\" data-e-type=\"column\">\n\t\t\t<div class=\"elementor-widget-wrap elementor-element-populated\">\n\t\t\t\t\t\t<div class=\"elementor-element elementor-element-33c7c3e elementor-widget elementor-widget-text-editor\" data-id=\"33c7c3e\" data-element_type=\"widget\" data-e-type=\"widget\" data-widget_type=\"text-editor.default\">\n\t\t\t\t<div class=\"elementor-widget-container\">\n\t\t\t\t\t\t\t\t\t<p>The cost of this experience is around US$70, and it's an excellent way to add a special dimension to your vacation in Cartagena.<\/p><p><strong>Tours and Logistics<\/strong><\/p><p>To access these wonderful destinations, one of the best options is to hire a private boat. This allows for a more personalized and flexible tour tailored to the group's needs and preferences. However, there are also tours available on shared boats, offering a more economical and sociable option. These tours typically include transportation, necessary equipment, and expert guides to ensure a safe and enriching experience.<\/p><p>You can rent a boat with us to enjoy a private trip around the Islas del Rosario or the Bay of Cartagena. <a href=\"https:\/\/buzosdebaru.com\/en\/renta-de-botes\/\" target=\"_blank\" rel=\"noopener\">Explore our options for boat rentals by clicking here.<\/a><\/p>\t\t\t\t\t\t\t\t<\/div>\n\t\t\t\t<\/div>\n\t\t\t\t\t<\/div>\n\t\t<\/div>\n\t\t\t\t\t<\/div>\n\t\t<\/section>\n\t\t\t\t<\/div>","protected":false},"excerpt":{"rendered":"<p>Actividades en el mar en Cartagena: m\u00e1s que buceo Cartagena, un destino tur\u00edstico de renombre en Colombia, ofrece una variedad de actividades acu\u00e1ticas adem\u00e1s del buceo. Si bien el buceo es una de las principales atracciones, aquellos que buscan explorar la vida marina sin necesidad de una certificaci\u00f3n pueden disfrutar de actividades como el snorkel [&hellip;]<\/p>\n","protected":false},"author":1,"featured_media":0,"parent":0,"menu_order":0,"comment_status":"closed","ping_status":"closed","template":"","meta":{"site-sidebar-layout":"no-sidebar","site-content-layout":"page-builder","ast-site-content-layout":"full-width-container","site-content-style":"default","site-sidebar-style":"default","ast-global-header-display":"","ast-banner-title-visibility":"","ast-main-header-display":"","ast-hfb-above-header-display":"","ast-hfb-below-header-display":"","ast-hfb-mobile-header-display":"","site-post-title":"disabled","ast-breadcrumbs-content":"","ast-featured-img":"disabled","footer-sml-layout":"","ast-disable-related-posts":"","theme-transparent-header-meta":"","adv-header-id-meta":"","stick-header-meta":"","header-above-stick-meta":"","header-main-stick-meta":"","header-below-stick-meta":"","astra-migrate-meta-layouts":"set","ast-page-background-enabled":"default","ast-page-background-meta":{"desktop":{"background-color":"var(--ast-global-color-4)","background-image":"","background-repeat":"repeat","background-position":"center center","background-size":"auto","background-attachment":"scroll","background-type":"","background-media":"","overlay-type":"","overlay-color":"","overlay-opacity":"","overlay-gradient":""},"tablet":{"background-color":"","background-image":"","background-repeat":"repeat","background-position":"center center","background-size":"auto","background-attachment":"scroll","background-type":"","background-media":"","overlay-type":"","overlay-color":"","overlay-opacity":"","overlay-gradient":""},"mobile":{"background-color":"","background-image":"","background-repeat":"repeat","background-position":"center center","background-size":"auto","background-attachment":"scroll","background-type":"","background-media":"","overlay-type":"","overlay-color":"","overlay-opacity":"","overlay-gradient":""}},"ast-content-background-meta":{"desktop":{"background-color":"var(--ast-global-color-5)","background-image":"","background-repeat":"repeat","background-position":"center center","background-size":"auto","background-attachment":"scroll","background-type":"","background-media":"","overlay-type":"","overlay-color":"","overlay-opacity":"","overlay-gradient":""},"tablet":{"background-color":"var(--ast-global-color-5)","background-image":"","background-repeat":"repeat","background-position":"center center","background-size":"auto","background-attachment":"scroll","background-type":"","background-media":"","overlay-type":"","overlay-color":"","overlay-opacity":"","overlay-gradient":""},"mobile":{"background-color":"var(--ast-global-color-5)","background-image":"","background-repeat":"repeat","background-position":"center center","background-size":"auto","background-attachment":"scroll","background-type":"","background-media":"","overlay-type":"","overlay-color":"","overlay-opacity":"","overlay-gradient":""}},"footnotes":""},"class_list":["post-4338","page","type-page","status-publish","hentry"],"yoast_head":"<!-- This site is optimized with the Yoast SEO plugin v27.0 - https:\/\/yoast.com\/product\/yoast-seo-wordpress\/ -->\n<title>02. Actividades en el mar en Cartagena: m\u00e1s que buceo - Buzos de Bar\u00fa: El mejor buceo en Cartagena<\/title>\n<meta name=\"description\" content=\"Explora las actividades acu\u00e1ticas en Cartagena, desde snorkel hasta nadar con delfines. Descubre los mejores lugares para disfrutar del mar Caribe.\" \/>\n<meta name=\"robots\" content=\"index, follow, max-snippet:-1, max-image-preview:large, max-video-preview:-1\" \/>\n<link rel=\"canonical\" href=\"https:\/\/buzosdebaru.com\/en\/actividades-en-el-mar-en-cartagena\/\" \/>\n<meta property=\"og:locale\" content=\"en_US\" \/>\n<meta property=\"og:type\" content=\"article\" \/>\n<meta property=\"og:title\" content=\"02. Actividades en el mar en Cartagena: m\u00e1s que buceo - Buzos de Bar\u00fa: El mejor buceo en Cartagena\" \/>\n<meta property=\"og:description\" content=\"Explora las actividades acu\u00e1ticas en Cartagena, desde snorkel hasta nadar con delfines. Descubre los mejores lugares para disfrutar del mar Caribe.\" \/>\n<meta property=\"og:url\" content=\"https:\/\/buzosdebaru.com\/en\/actividades-en-el-mar-en-cartagena\/\" \/>\n<meta property=\"og:site_name\" content=\"Buzos de Bar\u00fa: El mejor buceo en Cartagena\" \/>\n<meta property=\"article:publisher\" content=\"https:\/\/www.facebook.com\/buzosdebarucartagena\" \/>\n<meta property=\"article:modified_time\" content=\"2024-07-03T02:51:05+00:00\" \/>\n<meta property=\"og:image\" content=\"https:\/\/buzosdebaru.com\/wp-content\/uploads\/2024\/07\/entrada03.png\" \/>\n<meta name=\"twitter:card\" content=\"summary_large_image\" \/>\n<meta name=\"twitter:site\" content=\"@BuzosDeBaru\" \/>\n<meta name=\"twitter:label1\" content=\"Est. reading time\" \/>\n\t<meta name=\"twitter:data1\" content=\"2 minutes\" \/>\n<script type=\"application\/ld+json\" class=\"yoast-schema-graph\">{\"@context\":\"https:\/\/schema.org\",\"@graph\":[{\"@type\":\"WebPage\",\"@id\":\"https:\/\/buzosdebaru.com\/actividades-en-el-mar-en-cartagena\/\",\"url\":\"https:\/\/buzosdebaru.com\/actividades-en-el-mar-en-cartagena\/\",\"name\":\"02. Actividades en el mar en Cartagena: m\u00e1s que buceo - Buzos de Bar\u00fa: El mejor buceo en Cartagena\",\"isPartOf\":{\"@id\":\"https:\/\/buzosdebaru.com\/#website\"},\"primaryImageOfPage\":{\"@id\":\"https:\/\/buzosdebaru.com\/actividades-en-el-mar-en-cartagena\/#primaryimage\"},\"image\":{\"@id\":\"https:\/\/buzosdebaru.com\/actividades-en-el-mar-en-cartagena\/#primaryimage\"},\"thumbnailUrl\":\"https:\/\/buzosdebaru.com\/wp-content\/uploads\/2024\/07\/entrada03.png\",\"datePublished\":\"2024-07-03T01:33:30+00:00\",\"dateModified\":\"2024-07-03T02:51:05+00:00\",\"description\":\"Explora las actividades acu\u00e1ticas en Cartagena, desde snorkel hasta nadar con delfines. Descubre los mejores lugares para disfrutar del mar Caribe.\",\"breadcrumb\":{\"@id\":\"https:\/\/buzosdebaru.com\/actividades-en-el-mar-en-cartagena\/#breadcrumb\"},\"inLanguage\":\"en-US\",\"potentialAction\":[{\"@type\":\"ReadAction\",\"target\":[\"https:\/\/buzosdebaru.com\/actividades-en-el-mar-en-cartagena\/\"]}]},{\"@type\":\"ImageObject\",\"inLanguage\":\"en-US\",\"@id\":\"https:\/\/buzosdebaru.com\/actividades-en-el-mar-en-cartagena\/#primaryimage\",\"url\":\"https:\/\/buzosdebaru.com\/wp-content\/uploads\/2024\/07\/entrada03.png\",\"contentUrl\":\"https:\/\/buzosdebaru.com\/wp-content\/uploads\/2024\/07\/entrada03.png\"},{\"@type\":\"BreadcrumbList\",\"@id\":\"https:\/\/buzosdebaru.com\/actividades-en-el-mar-en-cartagena\/#breadcrumb\",\"itemListElement\":[{\"@type\":\"ListItem\",\"position\":1,\"name\":\"Portada\",\"item\":\"https:\/\/buzosdebaru.com\/\"},{\"@type\":\"ListItem\",\"position\":2,\"name\":\"02. Actividades en el mar en Cartagena: m\u00e1s que buceo\"}]},{\"@type\":\"WebSite\",\"@id\":\"https:\/\/buzosdebaru.com\/#website\",\"url\":\"https:\/\/buzosdebaru.com\/\",\"name\":\"Buzos de Bar\u00fa\",\"description\":\"Buzos de Bar\u00fa - El mejor buceo en Cartagena\",\"publisher\":{\"@id\":\"https:\/\/buzosdebaru.com\/#organization\"},\"potentialAction\":[{\"@type\":\"SearchAction\",\"target\":{\"@type\":\"EntryPoint\",\"urlTemplate\":\"https:\/\/buzosdebaru.com\/?s={search_term_string}\"},\"query-input\":{\"@type\":\"PropertyValueSpecification\",\"valueRequired\":true,\"valueName\":\"search_term_string\"}}],\"inLanguage\":\"en-US\"},{\"@type\":\"Organization\",\"@id\":\"https:\/\/buzosdebaru.com\/#organization\",\"name\":\"Buzos de Bar\u00fa\",\"url\":\"https:\/\/buzosdebaru.com\/\",\"logo\":{\"@type\":\"ImageObject\",\"inLanguage\":\"en-US\",\"@id\":\"https:\/\/buzosdebaru.com\/#\/schema\/logo\/image\/\",\"url\":\"https:\/\/buzosdebaru.com\/wp-content\/uploads\/2022\/11\/cropped-cropped-logo_buzosdebaru-1.png\",\"contentUrl\":\"https:\/\/buzosdebaru.com\/wp-content\/uploads\/2022\/11\/cropped-cropped-logo_buzosdebaru-1.png\",\"width\":647,\"height\":80,\"caption\":\"Buzos de Bar\u00fa\"},\"image\":{\"@id\":\"https:\/\/buzosdebaru.com\/#\/schema\/logo\/image\/\"},\"sameAs\":[\"https:\/\/www.facebook.com\/buzosdebarucartagena\",\"https:\/\/x.com\/BuzosDeBaru\",\"https:\/\/www.instagram.com\/buzosdebaru\/\",\"https:\/\/www.youtube.com\/user\/buzosdebaru\",\"https:\/\/www.tiktok.com\/@buzosdebaru?_t=8nCmo3r6P5h&_r=1\"]}]}<\/script>\n<!-- \/ Yoast SEO plugin. -->","yoast_head_json":{"title":"02. Actividades en el mar en Cartagena: m\u00e1s que buceo - Buzos de Bar\u00fa: El mejor buceo en Cartagena","description":"Explora las actividades acu\u00e1ticas en Cartagena, desde snorkel hasta nadar con delfines. Descubre los mejores lugares para disfrutar del mar Caribe.","robots":{"index":"index","follow":"follow","max-snippet":"max-snippet:-1","max-image-preview":"max-image-preview:large","max-video-preview":"max-video-preview:-1"},"canonical":"https:\/\/buzosdebaru.com\/en\/actividades-en-el-mar-en-cartagena\/","og_locale":"en_US","og_type":"article","og_title":"02. Actividades en el mar en Cartagena: m\u00e1s que buceo - Buzos de Bar\u00fa: El mejor buceo en Cartagena","og_description":"Explora las actividades acu\u00e1ticas en Cartagena, desde snorkel hasta nadar con delfines. Descubre los mejores lugares para disfrutar del mar Caribe.","og_url":"https:\/\/buzosdebaru.com\/en\/actividades-en-el-mar-en-cartagena\/","og_site_name":"Buzos de Bar\u00fa: El mejor buceo en Cartagena","article_publisher":"https:\/\/www.facebook.com\/buzosdebarucartagena","article_modified_time":"2024-07-03T02:51:05+00:00","og_image":[{"url":"https:\/\/buzosdebaru.com\/wp-content\/uploads\/2024\/07\/entrada03.png","type":"","width":"","height":""}],"twitter_card":"summary_large_image","twitter_site":"@BuzosDeBaru","twitter_misc":{"Est. reading time":"2 minutes"},"schema":{"@context":"https:\/\/schema.org","@graph":[{"@type":"WebPage","@id":"https:\/\/buzosdebaru.com\/actividades-en-el-mar-en-cartagena\/","url":"https:\/\/buzosdebaru.com\/actividades-en-el-mar-en-cartagena\/","name":"02. Actividades en el mar en Cartagena: m\u00e1s que buceo - Buzos de Bar\u00fa: El mejor buceo en Cartagena","isPartOf":{"@id":"https:\/\/buzosdebaru.com\/#website"},"primaryImageOfPage":{"@id":"https:\/\/buzosdebaru.com\/actividades-en-el-mar-en-cartagena\/#primaryimage"},"image":{"@id":"https:\/\/buzosdebaru.com\/actividades-en-el-mar-en-cartagena\/#primaryimage"},"thumbnailUrl":"https:\/\/buzosdebaru.com\/wp-content\/uploads\/2024\/07\/entrada03.png","datePublished":"2024-07-03T01:33:30+00:00","dateModified":"2024-07-03T02:51:05+00:00","description":"Explora las actividades acu\u00e1ticas en Cartagena, desde snorkel hasta nadar con delfines. Descubre los mejores lugares para disfrutar del mar Caribe.","breadcrumb":{"@id":"https:\/\/buzosdebaru.com\/actividades-en-el-mar-en-cartagena\/#breadcrumb"},"inLanguage":"en-US","potentialAction":[{"@type":"ReadAction","target":["https:\/\/buzosdebaru.com\/actividades-en-el-mar-en-cartagena\/"]}]},{"@type":"ImageObject","inLanguage":"en-US","@id":"https:\/\/buzosdebaru.com\/actividades-en-el-mar-en-cartagena\/#primaryimage","url":"https:\/\/buzosdebaru.com\/wp-content\/uploads\/2024\/07\/entrada03.png","contentUrl":"https:\/\/buzosdebaru.com\/wp-content\/uploads\/2024\/07\/entrada03.png"},{"@type":"BreadcrumbList","@id":"https:\/\/buzosdebaru.com\/actividades-en-el-mar-en-cartagena\/#breadcrumb","itemListElement":[{"@type":"ListItem","position":1,"name":"Portada","item":"https:\/\/buzosdebaru.com\/"},{"@type":"ListItem","position":2,"name":"02. Actividades en el mar en Cartagena: m\u00e1s que buceo"}]},{"@type":"WebSite","@id":"https:\/\/buzosdebaru.com\/#website","url":"https:\/\/buzosdebaru.com\/","name":"Buzos de Bar\u00fa","description":"Buzos de Bar\u00fa - Best scuba dive in Cartagena","publisher":{"@id":"https:\/\/buzosdebaru.com\/#organization"},"potentialAction":[{"@type":"SearchAction","target":{"@type":"EntryPoint","urlTemplate":"https:\/\/buzosdebaru.com\/?s={search_term_string}"},"query-input":{"@type":"PropertyValueSpecification","valueRequired":true,"valueName":"search_term_string"}}],"inLanguage":"en-US"},{"@type":"Organization","@id":"https:\/\/buzosdebaru.com\/#organization","name":"Buzos de Bar\u00fa","url":"https:\/\/buzosdebaru.com\/","logo":{"@type":"ImageObject","inLanguage":"en-US","@id":"https:\/\/buzosdebaru.com\/#\/schema\/logo\/image\/","url":"https:\/\/buzosdebaru.com\/wp-content\/uploads\/2022\/11\/cropped-cropped-logo_buzosdebaru-1.png","contentUrl":"https:\/\/buzosdebaru.com\/wp-content\/uploads\/2022\/11\/cropped-cropped-logo_buzosdebaru-1.png","width":647,"height":80,"caption":"Buzos de Bar\u00fa"},"image":{"@id":"https:\/\/buzosdebaru.com\/#\/schema\/logo\/image\/"},"sameAs":["https:\/\/www.facebook.com\/buzosdebarucartagena","https:\/\/x.com\/BuzosDeBaru","https:\/\/www.instagram.com\/buzosdebaru\/","https:\/\/www.youtube.com\/user\/buzosdebaru","https:\/\/www.tiktok.com\/@buzosdebaru?_t=8nCmo3r6P5h&_r=1"]}]}},"rttpg_featured_image_url":null,"rttpg_author":{"display_name":"webmaster","author_link":"https:\/\/buzosdebaru.com\/en\/author\/webmaster\/"},"rttpg_comment":0,"rttpg_category":null,"rttpg_excerpt":"Actividades en el mar en Cartagena: m\u00e1s que buceo Cartagena, un destino tur\u00edstico de renombre en Colombia, ofrece una variedad de actividades acu\u00e1ticas adem\u00e1s del buceo. Si bien el buceo es una de las principales atracciones, aquellos que buscan explorar la vida marina sin necesidad de una certificaci\u00f3n pueden disfrutar de actividades como el snorkel&hellip;","_links":{"self":[{"href":"https:\/\/buzosdebaru.com\/en\/wp-json\/wp\/v2\/pages\/4338","targetHints":{"allow":["GET"]}}],"collection":[{"href":"https:\/\/buzosdebaru.com\/en\/wp-json\/wp\/v2\/pages"}],"about":[{"href":"https:\/\/buzosdebaru.com\/en\/wp-json\/wp\/v2\/types\/page"}],"author":[{"embeddable":true,"href":"https:\/\/buzosdebaru.com\/en\/wp-json\/wp\/v2\/users\/1"}],"replies":[{"embeddable":true,"href":"https:\/\/buzosdebaru.com\/en\/wp-json\/wp\/v2\/comments?post=4338"}],"version-history":[{"count":11,"href":"https:\/\/buzosdebaru.com\/en\/wp-json\/wp\/v2\/pages\/4338\/revisions"}],"predecessor-version":[{"id":4398,"href":"https:\/\/buzosdebaru.com\/en\/wp-json\/wp\/v2\/pages\/4338\/revisions\/4398"}],"wp:attachment":[{"href":"https:\/\/buzosdebaru.com\/en\/wp-json\/wp\/v2\/media?parent=4338"}],"curies":[{"name":"wp","href":"https:\/\/api.w.org\/{rel}","templated":true}]}}