{"id":2142,"date":"2022-10-04T16:05:48","date_gmt":"2022-10-04T16:05:48","guid":{"rendered":"https:\/\/buzosdebaru.com\/?page_id=2142"},"modified":"2022-10-04T16:06:39","modified_gmt":"2022-10-04T16:06:39","slug":"politica-de-cancelacion","status":"publish","type":"page","link":"https:\/\/buzosdebaru.com\/en\/politica-de-cancelacion\/","title":{"rendered":"Pol\u00edticas de Cancelaci\u00f3n"},"content":{"rendered":"<p>Pol\u00edtica de cancelaciones y condiciones de servicio<br>En BUZOS DE BAR\u00da \/ BUBARU SAS siempre tratamos de adaptarnos a las necesidades y disponibilidad de nuestros CLIENTES, por lo tanto, lee y acepta nuestra pol\u00edtica de cancelaciones antes de reservar tu actividad o curso de buceo.<\/p>\n\n\n\n<p><br>Pol\u00edtica de cancelaciones<br>La aceptaci\u00f3n de la reserva una vez formalizada implica la conformidad por parte del CLIENTE de la presente POL\u00cdTICA DE CANCELACIONES establecida por BUZOS DE BAR\u00da \/ BUBARU SAS.<br>En el caso de que el CLIENTE no llevase finalmente a cabo una actividad PAGADA con BUZOS DE BAR\u00da \/ BUBARU SAS, se aplicar\u00e1 lo siguiente:<br>\u2022 SE REGRESAR\u00c1 EL 100% DEL DINERO RECIBIDO al CLIENTE en el caso de que la cancelaci\u00f3n de la actividad programada la efect\u00fae BUZOS DE BAR\u00da \/ BUBARU SAS, independientemente del motivo de esta, a excepci\u00f3n de los siguientes casos:<\/p>\n\n\n\n<ol class=\"wp-block-list\"><li>cuando el cliente se presente bajo los efectos de drogas, alcohol, o con un comportamiento iracional que lo ponga en peligro a el o a los dem\u00e1s.<\/li><li>cuando se compruebe que el cliente a mentido en su formulario de inscripci\u00f3n en la actividad.<\/li><\/ol>\n\n\n\n<p><br>\u2022 En el caso de que la cancelaci\u00f3n de la actividad programada la efect\u00fae el CLIENTE, independientemente del motivo de esta, aplicar\u00e1 lo siguiente:<br>SE REGRESAR\u00c1 EL 100% DEL DINERO RECIBIDO al CLIENTE siempre que el CLIENTE y por el mismo medio que el cliente pago, siempre que informe efectivamente a BUZOS DE BAR\u00da \/BUBARU SAS de su voluntad de cancelar la actividad programada con la siguiente antelaci\u00f3n a la hora de inicio de la actividad:<\/p>\n\n\n\n<ul class=\"wp-block-list\"><li>72 HORAS DE ANTELACI\u00d3N EN TEMPORADA ALTA&nbsp;<\/li><li>24 HORAS DE ANTELACI\u00d3N EN BAJA TEMPORADA&nbsp;<\/li><\/ul>\n\n\n\n<p>SE REGRESAR\u00c1 EL 100% DEL DINERO RECIBIDO O SE PERMITIR\u00c1 POSPONER LA ACTIVIDAD PARA OTRA FECHA \u00daNICAMENTE EN CASOS DE FUERZA MAYOR U ENFERMEDAD COMPROBABLE. (TOMAR LICOR LA NOCHE ANTERIOR Y NO SENTIRSE BIEN AL D\u00cdA SIGUIENTE NO APLICA\u2026)<\/p>\n\n\n\n<p>NO SE REGRESAR\u00c1 EL IMPORTE PAGADO cuando no exista constancia alguna de la comunicaci\u00f3n por parte del CLIENTE a BUZOS DE BAR\u00da \/ BUBARU SAS de su voluntad de cancelar dicha actividad, o bien esa comunicaci\u00f3n por parte del CLIENTE se produzca con una ANTELACI\u00d3N INFERIOR AL PLAZO M\u00cdNIMO ESTABLECIDO EN EL PUNTO ANTERIOR.<\/p>\n\n\n\n<p>Dicha comunicaci\u00f3n deber\u00e1 darse al correo electr\u00f3nico&nbsp;<a href=\"mailto:contabilidad@buzosdebaru.com\">contabilidad@buzosdebaru.com<\/a>&nbsp;o por chat o texto al numero +573205732045.<\/p>\n\n\n\n<p>NO SE REGRESAR\u00c1 EL IMPORTE PAGADO, ADEM\u00c1S DE LOS ANTERIORES:<br>\uf0a7 LLEGAR TARDE, PERDER LA EMBARCACI\u00d3N<br>\uf0a7 NO PRESENTARSE<br>\uf0a7 PRESENTARSE BAJO EFECTOS DE DROGAS O ALCOHOL O CON UN COMPORTAMIENTO QUE SOSPECHEMOS SEA UN PELIGRO PARA SI MISMO O LOS DEM\u00c1S<\/p>\n\n\n\n<p>\u2022 Para el caso de las reservas de dos inmersiones en el mismo d\u00eda, en caso de que, tras realizar la primera inmersi\u00f3n, el buceador decide no realizar las segunda inmersi\u00f3n reservada, SE DARA POR PRESTADO EL SERVICIO Y NO SE HAR\u00c1 REEMBOLSO PARCIAL NI TOTAL.<\/p>\n\n\n\n<p>La pol\u00edtica sobre las cancelaciones en los cursos de buceo es la siguiente:<\/p>\n\n\n\n<ul class=\"wp-block-list\"><li>Si el alumno que esta realizando un curso de buceo ha canjeado la parte te\u00f3rica online, o ha recibido libro, pero no contin\u00faa con el curso, el alumno deber\u00e1 asumir el coste del producto digital canjeado o del libro entregado, que se descontara del valor pagado.<\/li><li>En el caso de que el alumno que est\u00e9 realizando un curso open water y haya canjeado la parte te\u00f3rica y adem\u00e1s ha realizado parte de las practicas en agua, el alumno deber\u00e1 asumir el coste del servicio disfrutado los mas el importe del producto digital canjeado o del libro entregado.<\/li><li>igualmente aplicaran los tiempos de cancelaci\u00f3n arriba mencionados para las salidas al mar.<\/li><\/ul>\n\n\n\n<p><br>Uso responsable del equipo de buceo<br>Cuando el equipo de buceo usado por el cliente sea proporcionado por BUZOS DE BAR\u00da \/ BUBARU SAS, aplicar\u00e1 lo siguiente:<br>Es responsabilidad del buceador devolver el equipo SUMINISTRADO en las mismas condiciones como le fue entregado. En caso de p\u00e9rdida TOTAL O PARCIAL o rotura por mal uso, el cliente deber\u00e1 pagar el importe de la reparaci\u00f3n o reemplazo de dicho material. Dicha circunstancia aplica a cualquier buceador y cualquier actividad.<\/p>","protected":false},"excerpt":{"rendered":"<p>Pol\u00edtica de cancelaciones y condiciones de servicioEn BUZOS DE BAR\u00da \/ BUBARU SAS siempre tratamos de adaptarnos a las necesidades y disponibilidad de nuestros CLIENTES, por lo tanto, lee y acepta nuestra pol\u00edtica de cancelaciones antes de reservar tu actividad o curso de buceo. Pol\u00edtica de cancelacionesLa aceptaci\u00f3n de la reserva una vez formalizada implica [&hellip;]<\/p>\n","protected":false},"author":1,"featured_media":0,"parent":0,"menu_order":0,"comment_status":"closed","ping_status":"closed","template":"","meta":{"site-sidebar-layout":"default","site-content-layout":"","ast-site-content-layout":"default","site-content-style":"default","site-sidebar-style":"default","ast-global-header-display":"","ast-banner-title-visibility":"","ast-main-header-display":"","ast-hfb-above-header-display":"","ast-hfb-below-header-display":"","ast-hfb-mobile-header-display":"","site-post-title":"","ast-breadcrumbs-content":"","ast-featured-img":"","footer-sml-layout":"","ast-disable-related-posts":"","theme-transparent-header-meta":"","adv-header-id-meta":"","stick-header-meta":"","header-above-stick-meta":"","header-main-stick-meta":"","header-below-stick-meta":"","astra-migrate-meta-layouts":"default","ast-page-background-enabled":"default","ast-page-background-meta":{"desktop":{"background-color":"var(--ast-global-color-4)","background-image":"","background-repeat":"repeat","background-position":"center center","background-size":"auto","background-attachment":"scroll","background-type":"","background-media":"","overlay-type":"","overlay-color":"","overlay-opacity":"","overlay-gradient":""},"tablet":{"background-color":"","background-image":"","background-repeat":"repeat","background-position":"center center","background-size":"auto","background-attachment":"scroll","background-type":"","background-media":"","overlay-type":"","overlay-color":"","overlay-opacity":"","overlay-gradient":""},"mobile":{"background-color":"","background-image":"","background-repeat":"repeat","background-position":"center center","background-size":"auto","background-attachment":"scroll","background-type":"","background-media":"","overlay-type":"","overlay-color":"","overlay-opacity":"","overlay-gradient":""}},"ast-content-background-meta":{"desktop":{"background-color":"var(--ast-global-color-5)","background-image":"","background-repeat":"repeat","background-position":"center center","background-size":"auto","background-attachment":"scroll","background-type":"","background-media":"","overlay-type":"","overlay-color":"","overlay-opacity":"","overlay-gradient":""},"tablet":{"background-color":"var(--ast-global-color-5)","background-image":"","background-repeat":"repeat","background-position":"center center","background-size":"auto","background-attachment":"scroll","background-type":"","background-media":"","overlay-type":"","overlay-color":"","overlay-opacity":"","overlay-gradient":""},"mobile":{"background-color":"var(--ast-global-color-5)","background-image":"","background-repeat":"repeat","background-position":"center center","background-size":"auto","background-attachment":"scroll","background-type":"","background-media":"","overlay-type":"","overlay-color":"","overlay-opacity":"","overlay-gradient":""}},"footnotes":""},"class_list":["post-2142","page","type-page","status-publish","hentry"],"yoast_head":"<!-- This site is optimized with the Yoast SEO plugin v27.0 - https:\/\/yoast.com\/product\/yoast-seo-wordpress\/ -->\n<title>Pol\u00edticas de Cancelaci\u00f3n - Buzos de Bar\u00fa: El mejor buceo en Cartagena<\/title>\n<meta name=\"robots\" content=\"index, follow, max-snippet:-1, max-image-preview:large, max-video-preview:-1\" \/>\n<link rel=\"canonical\" href=\"https:\/\/buzosdebaru.com\/en\/politica-de-cancelacion\/\" \/>\n<meta property=\"og:locale\" content=\"en_US\" \/>\n<meta property=\"og:type\" content=\"article\" \/>\n<meta property=\"og:title\" content=\"Pol\u00edticas de Cancelaci\u00f3n - Buzos de Bar\u00fa: El mejor buceo en Cartagena\" \/>\n<meta property=\"og:description\" content=\"Pol\u00edtica de cancelaciones y condiciones de servicioEn BUZOS DE BAR\u00da \/ BUBARU SAS siempre tratamos de adaptarnos a las necesidades y disponibilidad de nuestros CLIENTES, por lo tanto, lee y acepta nuestra pol\u00edtica de cancelaciones antes de reservar tu actividad o curso de buceo. Pol\u00edtica de cancelacionesLa aceptaci\u00f3n de la reserva una vez formalizada implica [&hellip;]\" \/>\n<meta property=\"og:url\" content=\"https:\/\/buzosdebaru.com\/en\/politica-de-cancelacion\/\" \/>\n<meta property=\"og:site_name\" content=\"Buzos de Bar\u00fa: El mejor buceo en Cartagena\" \/>\n<meta property=\"article:publisher\" content=\"https:\/\/www.facebook.com\/buzosdebarucartagena\" \/>\n<meta property=\"article:modified_time\" content=\"2022-10-04T16:06:39+00:00\" \/>\n<meta name=\"twitter:card\" content=\"summary_large_image\" \/>\n<meta name=\"twitter:site\" content=\"@BuzosDeBaru\" \/>\n<meta name=\"twitter:label1\" content=\"Est. reading time\" \/>\n\t<meta name=\"twitter:data1\" content=\"3 minutes\" \/>\n<script type=\"application\/ld+json\" class=\"yoast-schema-graph\">{\"@context\":\"https:\/\/schema.org\",\"@graph\":[{\"@type\":\"WebPage\",\"@id\":\"https:\/\/buzosdebaru.com\/politica-de-cancelacion\/\",\"url\":\"https:\/\/buzosdebaru.com\/politica-de-cancelacion\/\",\"name\":\"Pol\u00edticas de Cancelaci\u00f3n - Buzos de Bar\u00fa: El mejor buceo en Cartagena\",\"isPartOf\":{\"@id\":\"https:\/\/buzosdebaru.com\/#website\"},\"datePublished\":\"2022-10-04T16:05:48+00:00\",\"dateModified\":\"2022-10-04T16:06:39+00:00\",\"breadcrumb\":{\"@id\":\"https:\/\/buzosdebaru.com\/politica-de-cancelacion\/#breadcrumb\"},\"inLanguage\":\"en-US\",\"potentialAction\":[{\"@type\":\"ReadAction\",\"target\":[\"https:\/\/buzosdebaru.com\/politica-de-cancelacion\/\"]}]},{\"@type\":\"BreadcrumbList\",\"@id\":\"https:\/\/buzosdebaru.com\/politica-de-cancelacion\/#breadcrumb\",\"itemListElement\":[{\"@type\":\"ListItem\",\"position\":1,\"name\":\"Portada\",\"item\":\"https:\/\/buzosdebaru.com\/\"},{\"@type\":\"ListItem\",\"position\":2,\"name\":\"Pol\u00edticas de Cancelaci\u00f3n\"}]},{\"@type\":\"WebSite\",\"@id\":\"https:\/\/buzosdebaru.com\/#website\",\"url\":\"https:\/\/buzosdebaru.com\/\",\"name\":\"Buzos de Bar\u00fa\",\"description\":\"Buzos de Bar\u00fa - El mejor buceo en Cartagena\",\"publisher\":{\"@id\":\"https:\/\/buzosdebaru.com\/#organization\"},\"potentialAction\":[{\"@type\":\"SearchAction\",\"target\":{\"@type\":\"EntryPoint\",\"urlTemplate\":\"https:\/\/buzosdebaru.com\/?s={search_term_string}\"},\"query-input\":{\"@type\":\"PropertyValueSpecification\",\"valueRequired\":true,\"valueName\":\"search_term_string\"}}],\"inLanguage\":\"en-US\"},{\"@type\":\"Organization\",\"@id\":\"https:\/\/buzosdebaru.com\/#organization\",\"name\":\"Buzos de Bar\u00fa\",\"url\":\"https:\/\/buzosdebaru.com\/\",\"logo\":{\"@type\":\"ImageObject\",\"inLanguage\":\"en-US\",\"@id\":\"https:\/\/buzosdebaru.com\/#\/schema\/logo\/image\/\",\"url\":\"https:\/\/buzosdebaru.com\/wp-content\/uploads\/2022\/11\/cropped-cropped-logo_buzosdebaru-1.png\",\"contentUrl\":\"https:\/\/buzosdebaru.com\/wp-content\/uploads\/2022\/11\/cropped-cropped-logo_buzosdebaru-1.png\",\"width\":647,\"height\":80,\"caption\":\"Buzos de Bar\u00fa\"},\"image\":{\"@id\":\"https:\/\/buzosdebaru.com\/#\/schema\/logo\/image\/\"},\"sameAs\":[\"https:\/\/www.facebook.com\/buzosdebarucartagena\",\"https:\/\/x.com\/BuzosDeBaru\",\"https:\/\/www.instagram.com\/buzosdebaru\/\",\"https:\/\/www.youtube.com\/user\/buzosdebaru\",\"https:\/\/www.tiktok.com\/@buzosdebaru?_t=8nCmo3r6P5h&_r=1\"]}]}<\/script>\n<!-- \/ Yoast SEO plugin. -->","yoast_head_json":{"title":"Pol\u00edticas de Cancelaci\u00f3n - Buzos de Bar\u00fa: El mejor buceo en Cartagena","robots":{"index":"index","follow":"follow","max-snippet":"max-snippet:-1","max-image-preview":"max-image-preview:large","max-video-preview":"max-video-preview:-1"},"canonical":"https:\/\/buzosdebaru.com\/en\/politica-de-cancelacion\/","og_locale":"en_US","og_type":"article","og_title":"Pol\u00edticas de Cancelaci\u00f3n - Buzos de Bar\u00fa: El mejor buceo en Cartagena","og_description":"Pol\u00edtica de cancelaciones y condiciones de servicioEn BUZOS DE BAR\u00da \/ BUBARU SAS siempre tratamos de adaptarnos a las necesidades y disponibilidad de nuestros CLIENTES, por lo tanto, lee y acepta nuestra pol\u00edtica de cancelaciones antes de reservar tu actividad o curso de buceo. Pol\u00edtica de cancelacionesLa aceptaci\u00f3n de la reserva una vez formalizada implica [&hellip;]","og_url":"https:\/\/buzosdebaru.com\/en\/politica-de-cancelacion\/","og_site_name":"Buzos de Bar\u00fa: El mejor buceo en Cartagena","article_publisher":"https:\/\/www.facebook.com\/buzosdebarucartagena","article_modified_time":"2022-10-04T16:06:39+00:00","twitter_card":"summary_large_image","twitter_site":"@BuzosDeBaru","twitter_misc":{"Est. reading time":"3 minutes"},"schema":{"@context":"https:\/\/schema.org","@graph":[{"@type":"WebPage","@id":"https:\/\/buzosdebaru.com\/politica-de-cancelacion\/","url":"https:\/\/buzosdebaru.com\/politica-de-cancelacion\/","name":"Pol\u00edticas de Cancelaci\u00f3n - Buzos de Bar\u00fa: El mejor buceo en Cartagena","isPartOf":{"@id":"https:\/\/buzosdebaru.com\/#website"},"datePublished":"2022-10-04T16:05:48+00:00","dateModified":"2022-10-04T16:06:39+00:00","breadcrumb":{"@id":"https:\/\/buzosdebaru.com\/politica-de-cancelacion\/#breadcrumb"},"inLanguage":"en-US","potentialAction":[{"@type":"ReadAction","target":["https:\/\/buzosdebaru.com\/politica-de-cancelacion\/"]}]},{"@type":"BreadcrumbList","@id":"https:\/\/buzosdebaru.com\/politica-de-cancelacion\/#breadcrumb","itemListElement":[{"@type":"ListItem","position":1,"name":"Portada","item":"https:\/\/buzosdebaru.com\/"},{"@type":"ListItem","position":2,"name":"Pol\u00edticas de Cancelaci\u00f3n"}]},{"@type":"WebSite","@id":"https:\/\/buzosdebaru.com\/#website","url":"https:\/\/buzosdebaru.com\/","name":"Buzos de Bar\u00fa","description":"Buzos de Bar\u00fa - Best scuba dive in Cartagena","publisher":{"@id":"https:\/\/buzosdebaru.com\/#organization"},"potentialAction":[{"@type":"SearchAction","target":{"@type":"EntryPoint","urlTemplate":"https:\/\/buzosdebaru.com\/?s={search_term_string}"},"query-input":{"@type":"PropertyValueSpecification","valueRequired":true,"valueName":"search_term_string"}}],"inLanguage":"en-US"},{"@type":"Organization","@id":"https:\/\/buzosdebaru.com\/#organization","name":"Buzos de Bar\u00fa","url":"https:\/\/buzosdebaru.com\/","logo":{"@type":"ImageObject","inLanguage":"en-US","@id":"https:\/\/buzosdebaru.com\/#\/schema\/logo\/image\/","url":"https:\/\/buzosdebaru.com\/wp-content\/uploads\/2022\/11\/cropped-cropped-logo_buzosdebaru-1.png","contentUrl":"https:\/\/buzosdebaru.com\/wp-content\/uploads\/2022\/11\/cropped-cropped-logo_buzosdebaru-1.png","width":647,"height":80,"caption":"Buzos de Bar\u00fa"},"image":{"@id":"https:\/\/buzosdebaru.com\/#\/schema\/logo\/image\/"},"sameAs":["https:\/\/www.facebook.com\/buzosdebarucartagena","https:\/\/x.com\/BuzosDeBaru","https:\/\/www.instagram.com\/buzosdebaru\/","https:\/\/www.youtube.com\/user\/buzosdebaru","https:\/\/www.tiktok.com\/@buzosdebaru?_t=8nCmo3r6P5h&_r=1"]}]}},"rttpg_featured_image_url":null,"rttpg_author":{"display_name":"webmaster","author_link":"https:\/\/buzosdebaru.com\/en\/author\/webmaster\/"},"rttpg_comment":0,"rttpg_category":null,"rttpg_excerpt":"Pol\u00edtica de cancelaciones y condiciones de servicioEn BUZOS DE BAR\u00da \/ BUBARU SAS siempre tratamos de adaptarnos a las necesidades y disponibilidad de nuestros CLIENTES, por lo tanto, lee y acepta nuestra pol\u00edtica de cancelaciones antes de reservar tu actividad o curso de buceo. Pol\u00edtica de cancelacionesLa aceptaci\u00f3n de la reserva una vez formalizada implica&hellip;","_links":{"self":[{"href":"https:\/\/buzosdebaru.com\/en\/wp-json\/wp\/v2\/pages\/2142","targetHints":{"allow":["GET"]}}],"collection":[{"href":"https:\/\/buzosdebaru.com\/en\/wp-json\/wp\/v2\/pages"}],"about":[{"href":"https:\/\/buzosdebaru.com\/en\/wp-json\/wp\/v2\/types\/page"}],"author":[{"embeddable":true,"href":"https:\/\/buzosdebaru.com\/en\/wp-json\/wp\/v2\/users\/1"}],"replies":[{"embeddable":true,"href":"https:\/\/buzosdebaru.com\/en\/wp-json\/wp\/v2\/comments?post=2142"}],"version-history":[{"count":2,"href":"https:\/\/buzosdebaru.com\/en\/wp-json\/wp\/v2\/pages\/2142\/revisions"}],"predecessor-version":[{"id":2144,"href":"https:\/\/buzosdebaru.com\/en\/wp-json\/wp\/v2\/pages\/2142\/revisions\/2144"}],"wp:attachment":[{"href":"https:\/\/buzosdebaru.com\/en\/wp-json\/wp\/v2\/media?parent=2142"}],"curies":[{"name":"wp","href":"https:\/\/api.w.org\/{rel}","templated":true}]}}