{"id":2138,"date":"2022-10-04T16:01:35","date_gmt":"2022-10-04T16:01:35","guid":{"rendered":"https:\/\/buzosdebaru.com\/?page_id=2138"},"modified":"2022-10-04T16:04:58","modified_gmt":"2022-10-04T16:04:58","slug":"protocolos-de-bioseguridad","status":"publish","type":"page","link":"https:\/\/buzosdebaru.com\/en\/protocolos-de-bioseguridad\/","title":{"rendered":"Protocolos de Bioseguridad"},"content":{"rendered":"<p>PROTOCOLOS DE BIO SEGURIDAD Y AUTO CUIDADO BUBARU SAS<br>Entrada a el hotel<br>\u2022 Desinfecci\u00f3n de calzado,<br>\u2022 Dispensador de gel<br>\u2022 Permanecer con tapabocas<\/p>\n\n\n\n<p>Entrada al centro de buceo<br>\u2022 Desinfecci\u00f3n de calzado,<br>\u2022 Dispensador de gel<br>\u2022 Permanecer siempre con tababocas puesto<\/p>\n\n\n\n<p>Entrada a la bodega de equipos<br>\u2022 Desinfecci\u00f3n de manos con alcohol<br>\u2022 Permanecer siempre con tapabocas en la bodega de equipos<\/p>\n\n\n\n<p>Vehiculo automotor<br>\u2022 Desinfecci\u00f3n de tim\u00f3n tablero e interior de las puertas con alcohol<br>\u2022 Permanecer con tapabocas todos los ocupantes<\/p>\n\n\n\n<p>Boats<br>\u2022 Lavado diario antes y despu\u00e9s de cada jornada con agua y jab\u00f3n, acci\u00f3n mec\u00e1nica de restregado<br>\u2022 Desinfecci\u00f3n de pies y manos con alcohol antes de subir<br>\u2022 Guardar los calzados en las maletas propias<br>\u2022 Usar el tapabocas todo el tiempo para la llegada y salida de puerto<br>\u2022 Guardar el tapabocas en la maleta mientras no se usa<br>\u2022 No usar saliba para las caretas, ni las propias ni las del centro de buceo<br>\u2022 No evacuar el agua del snorkel soplando<br>\u2022 No presionar el bot\u00f3n de purga del regulador en la embarcaci\u00f3n<br>\u2022 Se recomienda el uso de protecci\u00f3n ocular (gafas de sol)<br>\u2022 Permanecer con la mascara en el cuello todo el tiempo para evitar confusi\u00f3n<\/p>\n\n\n\n<p><br>Equipos de buceo<br>\u2022 Lavado antes y despu\u00e9s de cada uso<br>\u2022 Desinfecci\u00f3n de las segundas etapas y caretas con ACUAVIV agua electrolizada desinfectante y germicida tipo ANOLYTE.<br>\u2022 Desinfecci\u00f3n quincenal con clorox<br>Otros puntos importantes<br>\u2022 Incentivar los pagos electr\u00f3nicos para evitar el manejo de efectivo<br>\u2022 Incentivar el manejo de la educaci\u00f3n virtual<br>\u2022 Implementar el 100% formularios de inscripci\u00f3n virtuales para todos los programas ofrecidos<br>\u2022 Lavado de manos cada 3 horas para todo el personal de planta<\/p>","protected":false},"excerpt":{"rendered":"<p>PROTOCOLOS DE BIO SEGURIDAD Y AUTO CUIDADO BUBARU SASEntrada a el hotel\u2022 Desinfecci\u00f3n de calzado,\u2022 Dispensador de gel\u2022 Permanecer con tapabocas Entrada al centro de buceo\u2022 Desinfecci\u00f3n de calzado,\u2022 Dispensador de gel\u2022 Permanecer siempre con tababocas puesto Entrada a la bodega de equipos\u2022 Desinfecci\u00f3n de manos con alcohol\u2022 Permanecer siempre con tapabocas en la bodega [&hellip;]<\/p>\n","protected":false},"author":1,"featured_media":0,"parent":0,"menu_order":0,"comment_status":"closed","ping_status":"closed","template":"","meta":{"site-sidebar-layout":"default","site-content-layout":"","ast-site-content-layout":"default","site-content-style":"default","site-sidebar-style":"default","ast-global-header-display":"","ast-banner-title-visibility":"","ast-main-header-display":"","ast-hfb-above-header-display":"","ast-hfb-below-header-display":"","ast-hfb-mobile-header-display":"","site-post-title":"","ast-breadcrumbs-content":"","ast-featured-img":"","footer-sml-layout":"","ast-disable-related-posts":"","theme-transparent-header-meta":"","adv-header-id-meta":"","stick-header-meta":"","header-above-stick-meta":"","header-main-stick-meta":"","header-below-stick-meta":"","astra-migrate-meta-layouts":"default","ast-page-background-enabled":"default","ast-page-background-meta":{"desktop":{"background-color":"var(--ast-global-color-4)","background-image":"","background-repeat":"repeat","background-position":"center center","background-size":"auto","background-attachment":"scroll","background-type":"","background-media":"","overlay-type":"","overlay-color":"","overlay-opacity":"","overlay-gradient":""},"tablet":{"background-color":"","background-image":"","background-repeat":"repeat","background-position":"center center","background-size":"auto","background-attachment":"scroll","background-type":"","background-media":"","overlay-type":"","overlay-color":"","overlay-opacity":"","overlay-gradient":""},"mobile":{"background-color":"","background-image":"","background-repeat":"repeat","background-position":"center center","background-size":"auto","background-attachment":"scroll","background-type":"","background-media":"","overlay-type":"","overlay-color":"","overlay-opacity":"","overlay-gradient":""}},"ast-content-background-meta":{"desktop":{"background-color":"var(--ast-global-color-5)","background-image":"","background-repeat":"repeat","background-position":"center center","background-size":"auto","background-attachment":"scroll","background-type":"","background-media":"","overlay-type":"","overlay-color":"","overlay-opacity":"","overlay-gradient":""},"tablet":{"background-color":"var(--ast-global-color-5)","background-image":"","background-repeat":"repeat","background-position":"center center","background-size":"auto","background-attachment":"scroll","background-type":"","background-media":"","overlay-type":"","overlay-color":"","overlay-opacity":"","overlay-gradient":""},"mobile":{"background-color":"var(--ast-global-color-5)","background-image":"","background-repeat":"repeat","background-position":"center center","background-size":"auto","background-attachment":"scroll","background-type":"","background-media":"","overlay-type":"","overlay-color":"","overlay-opacity":"","overlay-gradient":""}},"footnotes":""},"class_list":["post-2138","page","type-page","status-publish","hentry"],"yoast_head":"<!-- This site is optimized with the Yoast SEO plugin v27.0 - https:\/\/yoast.com\/product\/yoast-seo-wordpress\/ -->\n<title>Protocolos de Bioseguridad - Buzos de Bar\u00fa: El mejor buceo en Cartagena<\/title>\n<meta name=\"robots\" content=\"index, follow, max-snippet:-1, max-image-preview:large, max-video-preview:-1\" \/>\n<link rel=\"canonical\" href=\"https:\/\/buzosdebaru.com\/en\/protocolos-de-bioseguridad\/\" \/>\n<meta property=\"og:locale\" content=\"en_US\" \/>\n<meta property=\"og:type\" content=\"article\" \/>\n<meta property=\"og:title\" content=\"Protocolos de Bioseguridad - Buzos de Bar\u00fa: El mejor buceo en Cartagena\" \/>\n<meta property=\"og:description\" content=\"PROTOCOLOS DE BIO SEGURIDAD Y AUTO CUIDADO BUBARU SASEntrada a el hotel\u2022 Desinfecci\u00f3n de calzado,\u2022 Dispensador de gel\u2022 Permanecer con tapabocas Entrada al centro de buceo\u2022 Desinfecci\u00f3n de calzado,\u2022 Dispensador de gel\u2022 Permanecer siempre con tababocas puesto Entrada a la bodega de equipos\u2022 Desinfecci\u00f3n de manos con alcohol\u2022 Permanecer siempre con tapabocas en la bodega [&hellip;]\" \/>\n<meta property=\"og:url\" content=\"https:\/\/buzosdebaru.com\/en\/protocolos-de-bioseguridad\/\" \/>\n<meta property=\"og:site_name\" content=\"Buzos de Bar\u00fa: El mejor buceo en Cartagena\" \/>\n<meta property=\"article:publisher\" content=\"https:\/\/www.facebook.com\/buzosdebarucartagena\" \/>\n<meta property=\"article:modified_time\" content=\"2022-10-04T16:04:58+00:00\" \/>\n<meta name=\"twitter:card\" content=\"summary_large_image\" \/>\n<meta name=\"twitter:site\" content=\"@BuzosDeBaru\" \/>\n<meta name=\"twitter:label1\" content=\"Est. reading time\" \/>\n\t<meta name=\"twitter:data1\" content=\"1 minute\" \/>\n<script type=\"application\/ld+json\" class=\"yoast-schema-graph\">{\"@context\":\"https:\/\/schema.org\",\"@graph\":[{\"@type\":\"WebPage\",\"@id\":\"https:\/\/buzosdebaru.com\/protocolos-de-bioseguridad\/\",\"url\":\"https:\/\/buzosdebaru.com\/protocolos-de-bioseguridad\/\",\"name\":\"Protocolos de Bioseguridad - Buzos de Bar\u00fa: El mejor buceo en Cartagena\",\"isPartOf\":{\"@id\":\"https:\/\/buzosdebaru.com\/#website\"},\"datePublished\":\"2022-10-04T16:01:35+00:00\",\"dateModified\":\"2022-10-04T16:04:58+00:00\",\"breadcrumb\":{\"@id\":\"https:\/\/buzosdebaru.com\/protocolos-de-bioseguridad\/#breadcrumb\"},\"inLanguage\":\"en-US\",\"potentialAction\":[{\"@type\":\"ReadAction\",\"target\":[\"https:\/\/buzosdebaru.com\/protocolos-de-bioseguridad\/\"]}]},{\"@type\":\"BreadcrumbList\",\"@id\":\"https:\/\/buzosdebaru.com\/protocolos-de-bioseguridad\/#breadcrumb\",\"itemListElement\":[{\"@type\":\"ListItem\",\"position\":1,\"name\":\"Portada\",\"item\":\"https:\/\/buzosdebaru.com\/\"},{\"@type\":\"ListItem\",\"position\":2,\"name\":\"Protocolos de Bioseguridad\"}]},{\"@type\":\"WebSite\",\"@id\":\"https:\/\/buzosdebaru.com\/#website\",\"url\":\"https:\/\/buzosdebaru.com\/\",\"name\":\"Buzos de Bar\u00fa\",\"description\":\"Buzos de Bar\u00fa - El mejor buceo en Cartagena\",\"publisher\":{\"@id\":\"https:\/\/buzosdebaru.com\/#organization\"},\"potentialAction\":[{\"@type\":\"SearchAction\",\"target\":{\"@type\":\"EntryPoint\",\"urlTemplate\":\"https:\/\/buzosdebaru.com\/?s={search_term_string}\"},\"query-input\":{\"@type\":\"PropertyValueSpecification\",\"valueRequired\":true,\"valueName\":\"search_term_string\"}}],\"inLanguage\":\"en-US\"},{\"@type\":\"Organization\",\"@id\":\"https:\/\/buzosdebaru.com\/#organization\",\"name\":\"Buzos de Bar\u00fa\",\"url\":\"https:\/\/buzosdebaru.com\/\",\"logo\":{\"@type\":\"ImageObject\",\"inLanguage\":\"en-US\",\"@id\":\"https:\/\/buzosdebaru.com\/#\/schema\/logo\/image\/\",\"url\":\"https:\/\/buzosdebaru.com\/wp-content\/uploads\/2022\/11\/cropped-cropped-logo_buzosdebaru-1.png\",\"contentUrl\":\"https:\/\/buzosdebaru.com\/wp-content\/uploads\/2022\/11\/cropped-cropped-logo_buzosdebaru-1.png\",\"width\":647,\"height\":80,\"caption\":\"Buzos de Bar\u00fa\"},\"image\":{\"@id\":\"https:\/\/buzosdebaru.com\/#\/schema\/logo\/image\/\"},\"sameAs\":[\"https:\/\/www.facebook.com\/buzosdebarucartagena\",\"https:\/\/x.com\/BuzosDeBaru\",\"https:\/\/www.instagram.com\/buzosdebaru\/\",\"https:\/\/www.youtube.com\/user\/buzosdebaru\",\"https:\/\/www.tiktok.com\/@buzosdebaru?_t=8nCmo3r6P5h&_r=1\"]}]}<\/script>\n<!-- \/ Yoast SEO plugin. -->","yoast_head_json":{"title":"Protocolos de Bioseguridad - Buzos de Bar\u00fa: El mejor buceo en Cartagena","robots":{"index":"index","follow":"follow","max-snippet":"max-snippet:-1","max-image-preview":"max-image-preview:large","max-video-preview":"max-video-preview:-1"},"canonical":"https:\/\/buzosdebaru.com\/en\/protocolos-de-bioseguridad\/","og_locale":"en_US","og_type":"article","og_title":"Protocolos de Bioseguridad - Buzos de Bar\u00fa: El mejor buceo en Cartagena","og_description":"PROTOCOLOS DE BIO SEGURIDAD Y AUTO CUIDADO BUBARU SASEntrada a el hotel\u2022 Desinfecci\u00f3n de calzado,\u2022 Dispensador de gel\u2022 Permanecer con tapabocas Entrada al centro de buceo\u2022 Desinfecci\u00f3n de calzado,\u2022 Dispensador de gel\u2022 Permanecer siempre con tababocas puesto Entrada a la bodega de equipos\u2022 Desinfecci\u00f3n de manos con alcohol\u2022 Permanecer siempre con tapabocas en la bodega [&hellip;]","og_url":"https:\/\/buzosdebaru.com\/en\/protocolos-de-bioseguridad\/","og_site_name":"Buzos de Bar\u00fa: El mejor buceo en Cartagena","article_publisher":"https:\/\/www.facebook.com\/buzosdebarucartagena","article_modified_time":"2022-10-04T16:04:58+00:00","twitter_card":"summary_large_image","twitter_site":"@BuzosDeBaru","twitter_misc":{"Est. reading time":"1 minute"},"schema":{"@context":"https:\/\/schema.org","@graph":[{"@type":"WebPage","@id":"https:\/\/buzosdebaru.com\/protocolos-de-bioseguridad\/","url":"https:\/\/buzosdebaru.com\/protocolos-de-bioseguridad\/","name":"Protocolos de Bioseguridad - Buzos de Bar\u00fa: El mejor buceo en Cartagena","isPartOf":{"@id":"https:\/\/buzosdebaru.com\/#website"},"datePublished":"2022-10-04T16:01:35+00:00","dateModified":"2022-10-04T16:04:58+00:00","breadcrumb":{"@id":"https:\/\/buzosdebaru.com\/protocolos-de-bioseguridad\/#breadcrumb"},"inLanguage":"en-US","potentialAction":[{"@type":"ReadAction","target":["https:\/\/buzosdebaru.com\/protocolos-de-bioseguridad\/"]}]},{"@type":"BreadcrumbList","@id":"https:\/\/buzosdebaru.com\/protocolos-de-bioseguridad\/#breadcrumb","itemListElement":[{"@type":"ListItem","position":1,"name":"Portada","item":"https:\/\/buzosdebaru.com\/"},{"@type":"ListItem","position":2,"name":"Protocolos de Bioseguridad"}]},{"@type":"WebSite","@id":"https:\/\/buzosdebaru.com\/#website","url":"https:\/\/buzosdebaru.com\/","name":"Buzos de Bar\u00fa","description":"Buzos de Bar\u00fa - Best scuba dive in Cartagena","publisher":{"@id":"https:\/\/buzosdebaru.com\/#organization"},"potentialAction":[{"@type":"SearchAction","target":{"@type":"EntryPoint","urlTemplate":"https:\/\/buzosdebaru.com\/?s={search_term_string}"},"query-input":{"@type":"PropertyValueSpecification","valueRequired":true,"valueName":"search_term_string"}}],"inLanguage":"en-US"},{"@type":"Organization","@id":"https:\/\/buzosdebaru.com\/#organization","name":"Buzos de Bar\u00fa","url":"https:\/\/buzosdebaru.com\/","logo":{"@type":"ImageObject","inLanguage":"en-US","@id":"https:\/\/buzosdebaru.com\/#\/schema\/logo\/image\/","url":"https:\/\/buzosdebaru.com\/wp-content\/uploads\/2022\/11\/cropped-cropped-logo_buzosdebaru-1.png","contentUrl":"https:\/\/buzosdebaru.com\/wp-content\/uploads\/2022\/11\/cropped-cropped-logo_buzosdebaru-1.png","width":647,"height":80,"caption":"Buzos de Bar\u00fa"},"image":{"@id":"https:\/\/buzosdebaru.com\/#\/schema\/logo\/image\/"},"sameAs":["https:\/\/www.facebook.com\/buzosdebarucartagena","https:\/\/x.com\/BuzosDeBaru","https:\/\/www.instagram.com\/buzosdebaru\/","https:\/\/www.youtube.com\/user\/buzosdebaru","https:\/\/www.tiktok.com\/@buzosdebaru?_t=8nCmo3r6P5h&_r=1"]}]}},"rttpg_featured_image_url":null,"rttpg_author":{"display_name":"webmaster","author_link":"https:\/\/buzosdebaru.com\/en\/author\/webmaster\/"},"rttpg_comment":0,"rttpg_category":null,"rttpg_excerpt":"PROTOCOLOS DE BIO SEGURIDAD Y AUTO CUIDADO BUBARU SASEntrada a el hotel\u2022 Desinfecci\u00f3n de calzado,\u2022 Dispensador de gel\u2022 Permanecer con tapabocas Entrada al centro de buceo\u2022 Desinfecci\u00f3n de calzado,\u2022 Dispensador de gel\u2022 Permanecer siempre con tababocas puesto Entrada a la bodega de equipos\u2022 Desinfecci\u00f3n de manos con alcohol\u2022 Permanecer siempre con tapabocas en la bodega&hellip;","_links":{"self":[{"href":"https:\/\/buzosdebaru.com\/en\/wp-json\/wp\/v2\/pages\/2138","targetHints":{"allow":["GET"]}}],"collection":[{"href":"https:\/\/buzosdebaru.com\/en\/wp-json\/wp\/v2\/pages"}],"about":[{"href":"https:\/\/buzosdebaru.com\/en\/wp-json\/wp\/v2\/types\/page"}],"author":[{"embeddable":true,"href":"https:\/\/buzosdebaru.com\/en\/wp-json\/wp\/v2\/users\/1"}],"replies":[{"embeddable":true,"href":"https:\/\/buzosdebaru.com\/en\/wp-json\/wp\/v2\/comments?post=2138"}],"version-history":[{"count":3,"href":"https:\/\/buzosdebaru.com\/en\/wp-json\/wp\/v2\/pages\/2138\/revisions"}],"predecessor-version":[{"id":2141,"href":"https:\/\/buzosdebaru.com\/en\/wp-json\/wp\/v2\/pages\/2138\/revisions\/2141"}],"wp:attachment":[{"href":"https:\/\/buzosdebaru.com\/en\/wp-json\/wp\/v2\/media?parent=2138"}],"curies":[{"name":"wp","href":"https:\/\/api.w.org\/{rel}","templated":true}]}}