{"id":1663,"date":"2022-08-26T14:27:35","date_gmt":"2022-08-26T14:27:35","guid":{"rendered":"https:\/\/buzosdebaru.com\/?page_id=1663"},"modified":"2025-05-12T18:04:01","modified_gmt":"2025-05-12T23:04:01","slug":"solicitar-fotos","status":"publish","type":"page","link":"https:\/\/buzosdebaru.com\/en\/solicitar-fotos\/","title":{"rendered":"Request Photos"},"content":{"rendered":"\t\t<div data-elementor-type=\"wp-page\" data-elementor-id=\"1663\" class=\"elementor elementor-1663\">\n\t\t\t\t\t\t<section class=\"elementor-section elementor-top-section elementor-element elementor-element-348cf1e elementor-section-boxed elementor-section-height-default elementor-section-height-default\" data-id=\"348cf1e\" data-element_type=\"section\" data-e-type=\"section\">\n\t\t\t\t\t\t<div class=\"elementor-container elementor-column-gap-default\">\n\t\t\t\t\t<div class=\"elementor-column elementor-col-100 elementor-top-column elementor-element elementor-element-0c4b34b\" data-id=\"0c4b34b\" data-element_type=\"column\" data-e-type=\"column\">\n\t\t\t<div class=\"elementor-widget-wrap\">\n\t\t\t\t\t\t\t<\/div>\n\t\t<\/div>\n\t\t\t\t\t<\/div>\n\t\t<\/section>\n\t\t\t\t<section class=\"elementor-section elementor-top-section elementor-element elementor-element-dc0c191 elementor-section-boxed elementor-section-height-default elementor-section-height-default\" data-id=\"dc0c191\" data-element_type=\"section\" data-e-type=\"section\">\n\t\t\t\t\t\t<div class=\"elementor-container elementor-column-gap-default\">\n\t\t\t\t\t<div class=\"elementor-column elementor-col-100 elementor-top-column elementor-element elementor-element-6d52d1f\" data-id=\"6d52d1f\" data-element_type=\"column\" data-e-type=\"column\">\n\t\t\t<div class=\"elementor-widget-wrap elementor-element-populated\">\n\t\t\t\t\t\t<div class=\"elementor-element elementor-element-140043d elementor-widget elementor-widget-heading\" data-id=\"140043d\" data-element_type=\"widget\" data-e-type=\"widget\" data-widget_type=\"heading.default\">\n\t\t\t\t<div class=\"elementor-widget-container\">\n\t\t\t\t\t<h2 class=\"elementor-heading-title elementor-size-default\">Solicita aqu\u00ed las fotos de buceo con nosotros<\/h2>\t\t\t\t<\/div>\n\t\t\t\t<\/div>\n\t\t\t\t\t<\/div>\n\t\t<\/div>\n\t\t\t\t\t<\/div>\n\t\t<\/section>\n\t\t\t\t<section class=\"elementor-section elementor-top-section elementor-element elementor-element-d46517a elementor-section-boxed elementor-section-height-default elementor-section-height-default\" data-id=\"d46517a\" data-element_type=\"section\" data-e-type=\"section\">\n\t\t\t\t\t\t<div class=\"elementor-container elementor-column-gap-default\">\n\t\t\t\t\t<div class=\"elementor-column elementor-col-100 elementor-top-column elementor-element elementor-element-b55fb67\" data-id=\"b55fb67\" data-element_type=\"column\" data-e-type=\"column\">\n\t\t\t<div class=\"elementor-widget-wrap elementor-element-populated\">\n\t\t\t\t\t\t<div class=\"elementor-element elementor-element-813bfb5 elementor-widget elementor-widget-text-editor\" data-id=\"813bfb5\" data-element_type=\"widget\" data-e-type=\"widget\" data-widget_type=\"text-editor.default\">\n\t\t\t\t<div class=\"elementor-widget-container\">\n\t\t\t\t\t\t\t\t\t<p>Completa el siguiente formulario con la informaci\u00f3n solicitada y te estaremos respondiendo a la mayor brevedad posible.<\/p>\t\t\t\t\t\t\t\t<\/div>\n\t\t\t\t<\/div>\n\t\t\t\t\t<\/div>\n\t\t<\/div>\n\t\t\t\t\t<\/div>\n\t\t<\/section>\n\t\t\t\t<section class=\"elementor-section elementor-top-section elementor-element elementor-element-1923e14 elementor-section-boxed elementor-section-height-default elementor-section-height-default\" data-id=\"1923e14\" data-element_type=\"section\" data-e-type=\"section\">\n\t\t\t\t\t\t<div class=\"elementor-container elementor-column-gap-default\">\n\t\t\t\t\t<div class=\"elementor-column elementor-col-100 elementor-top-column elementor-element elementor-element-8ca2d15\" data-id=\"8ca2d15\" data-element_type=\"column\" data-e-type=\"column\" data-settings=\"{&quot;background_background&quot;:&quot;classic&quot;}\">\n\t\t\t<div class=\"elementor-widget-wrap elementor-element-populated\">\n\t\t\t\t\t\t<div class=\"elementor-element elementor-element-4339735 elementor-widget elementor-widget-wpforms\" data-id=\"4339735\" data-element_type=\"widget\" data-e-type=\"widget\" data-widget_type=\"wpforms.default\">\n\t\t\t\t<div class=\"elementor-widget-container\">\n\t\t\t\t\t<div class=\"wpforms-container \" id=\"wpforms-2663\"><form id=\"wpforms-form-2663\" class=\"wpforms-validate wpforms-form wpforms-ajax-form\" data-formid=\"2663\" method=\"post\" enctype=\"multipart\/form-data\" action=\"\/en\/wp-json\/wp\/v2\/pages\/1663\" data-token=\"4fe31aaa085c0346db44cb0eacb06dc6\" data-token-time=\"1775389406\"><noscript class=\"wpforms-error-noscript\">Please enable JavaScript in your browser to complete this form.<\/noscript><div class=\"wpforms-field-container\"><div id=\"wpforms-2663-field_1-container\" class=\"wpforms-field wpforms-field-name\" data-field-id=\"1\"><label class=\"wpforms-field-label\">Nombre <span class=\"wpforms-required-label\">*<\/span><\/label><div class=\"wpforms-field-row wpforms-field-medium\"><div class=\"wpforms-field-row-block wpforms-first wpforms-one-half\"><input type=\"text\" id=\"wpforms-2663-field_1\" class=\"wpforms-field-name-first wpforms-field-required\" name=\"wpforms[fields][1][first]\" required><label for=\"wpforms-2663-field_1\" class=\"wpforms-field-sublabel after\">First<\/label><\/div><div class=\"wpforms-field-row-block wpforms-one-half\"><input type=\"text\" id=\"wpforms-2663-field_1-last\" class=\"wpforms-field-name-last wpforms-field-required\" name=\"wpforms[fields][1][last]\" required><label for=\"wpforms-2663-field_1-last\" class=\"wpforms-field-sublabel after\">Last<\/label><\/div><\/div><\/div><div id=\"wpforms-2663-field_2-container\" class=\"wpforms-field wpforms-field-email\" data-field-id=\"2\"><label class=\"wpforms-field-label\" for=\"wpforms-2663-field_2\">Correo electr\u00f3nico <span class=\"wpforms-required-label\">*<\/span><\/label><input type=\"email\" id=\"wpforms-2663-field_2\" class=\"wpforms-field-medium wpforms-field-required\" name=\"wpforms[fields][2]\" spellcheck=\"false\" required><\/div><div id=\"wpforms-2663-field_3-container\" class=\"wpforms-field wpforms-field-text\" data-field-id=\"3\"><label class=\"wpforms-field-label\" for=\"wpforms-2663-field_3\">Fecha de tu Buceo<\/label><input type=\"text\" id=\"wpforms-2663-field_3\" class=\"wpforms-field-medium\" name=\"wpforms[fields][3]\" ><\/div><div id=\"wpforms-2663-field_4-container\" class=\"wpforms-field wpforms-field-textarea\" data-field-id=\"4\"><label class=\"wpforms-field-label\" for=\"wpforms-2663-field_4\">Comentarios y\/o Sugerencias<\/label><textarea id=\"wpforms-2663-field_4\" class=\"wpforms-field-medium\" name=\"wpforms[fields][4]\" ><\/textarea><\/div><\/div><!-- .wpforms-field-container --><div class=\"wpforms-recaptcha-container wpforms-is-hcaptcha\" ><div class=\"h-captcha\" data-sitekey=\"16957514-98ed-4b4d-b5f5-94f2946b351d\"><\/div><input type=\"text\" name=\"g-recaptcha-hidden\" class=\"wpforms-recaptcha-hidden\" style=\"position:absolute!important;clip:rect(0,0,0,0)!important;height:1px!important;width:1px!important;border:0!important;overflow:hidden!important;padding:0!important;margin:0!important;\" data-rule-hcaptcha=\"1\"><\/div><div class=\"wpforms-submit-container\" ><input type=\"hidden\" name=\"wpforms[id]\" value=\"2663\"><input type=\"hidden\" name=\"page_title\" value=\"\"><input type=\"hidden\" name=\"page_url\" value=\"https:\/\/buzosdebaru.com\/en\/wp-json\/wp\/v2\/pages\/1663\"><input type=\"hidden\" name=\"url_referer\" value=\"\"><button type=\"submit\" name=\"wpforms[submit]\" id=\"wpforms-submit-2663\" class=\"wpforms-submit\" data-alt-text=\"Enviando...\" data-submit-text=\"Enviar\" aria-live=\"assertive\" value=\"wpforms-submit\">Enviar<\/button><img decoding=\"async\" src=\"https:\/\/buzosdebaru.com\/wp-content\/plugins\/wpforms-lite\/assets\/images\/submit-spin.svg\" class=\"wpforms-submit-spinner\" style=\"display: none;\" width=\"26\" height=\"26\" alt=\"Loading\"><\/div><\/form><\/div>  <!-- .wpforms-container -->\t\t\t\t<\/div>\n\t\t\t\t<\/div>\n\t\t\t\t\t<\/div>\n\t\t<\/div>\n\t\t\t\t\t<\/div>\n\t\t<\/section>\n\t\t\t\t<\/div>\n\t\t","protected":false},"excerpt":{"rendered":"<p>Solicita aqu\u00ed las fotos de buceo con nosotros Completa el siguiente formulario con la informaci\u00f3n solicitada y te estaremos respondiendo a la mayor brevedad posible. Por favor, activa JavaScript en tu navegador para completar este formulario.Nombre *NombreApellidosCorreo electr\u00f3nico *Fecha de tu BuceoComentarios &amp; Sugerencias Enviar<\/p>","protected":false},"author":1,"featured_media":0,"parent":0,"menu_order":0,"comment_status":"closed","ping_status":"closed","template":"","meta":{"site-sidebar-layout":"no-sidebar","site-content-layout":"page-builder","ast-site-content-layout":"default","site-content-style":"default","site-sidebar-style":"default","ast-global-header-display":"","ast-banner-title-visibility":"","ast-main-header-display":"","ast-hfb-above-header-display":"","ast-hfb-below-header-display":"","ast-hfb-mobile-header-display":"","site-post-title":"disabled","ast-breadcrumbs-content":"","ast-featured-img":"disabled","footer-sml-layout":"","ast-disable-related-posts":"","theme-transparent-header-meta":"","adv-header-id-meta":"","stick-header-meta":"","header-above-stick-meta":"","header-main-stick-meta":"","header-below-stick-meta":"","astra-migrate-meta-layouts":"default","ast-page-background-enabled":"default","ast-page-background-meta":{"desktop":{"background-color":"var(--ast-global-color-4)","background-image":"","background-repeat":"repeat","background-position":"center center","background-size":"auto","background-attachment":"scroll","background-type":"","background-media":"","overlay-type":"","overlay-color":"","overlay-opacity":"","overlay-gradient":""},"tablet":{"background-color":"","background-image":"","background-repeat":"repeat","background-position":"center center","background-size":"auto","background-attachment":"scroll","background-type":"","background-media":"","overlay-type":"","overlay-color":"","overlay-opacity":"","overlay-gradient":""},"mobile":{"background-color":"","background-image":"","background-repeat":"repeat","background-position":"center center","background-size":"auto","background-attachment":"scroll","background-type":"","background-media":"","overlay-type":"","overlay-color":"","overlay-opacity":"","overlay-gradient":""}},"ast-content-background-meta":{"desktop":{"background-color":"var(--ast-global-color-5)","background-image":"","background-repeat":"repeat","background-position":"center center","background-size":"auto","background-attachment":"scroll","background-type":"","background-media":"","overlay-type":"","overlay-color":"","overlay-opacity":"","overlay-gradient":""},"tablet":{"background-color":"var(--ast-global-color-5)","background-image":"","background-repeat":"repeat","background-position":"center center","background-size":"auto","background-attachment":"scroll","background-type":"","background-media":"","overlay-type":"","overlay-color":"","overlay-opacity":"","overlay-gradient":""},"mobile":{"background-color":"var(--ast-global-color-5)","background-image":"","background-repeat":"repeat","background-position":"center center","background-size":"auto","background-attachment":"scroll","background-type":"","background-media":"","overlay-type":"","overlay-color":"","overlay-opacity":"","overlay-gradient":""}},"footnotes":""},"class_list":["post-1663","page","type-page","status-publish","hentry"],"yoast_head":"<!-- This site is optimized with the Yoast SEO plugin v27.0 - https:\/\/yoast.com\/product\/yoast-seo-wordpress\/ -->\n<title>Solicitar Fotos - Buzos de Bar\u00fa: El mejor buceo en Cartagena<\/title>\n<meta name=\"robots\" content=\"index, follow, max-snippet:-1, max-image-preview:large, max-video-preview:-1\" \/>\n<link rel=\"canonical\" href=\"https:\/\/buzosdebaru.com\/en\/solicitar-fotos\/\" \/>\n<meta property=\"og:locale\" content=\"en_US\" \/>\n<meta property=\"og:type\" content=\"article\" \/>\n<meta property=\"og:title\" content=\"Solicitar Fotos - Buzos de Bar\u00fa: El mejor buceo en Cartagena\" \/>\n<meta property=\"og:description\" content=\"Solicita aqu\u00ed las fotos de buceo con nosotros Completa el siguiente formulario con la informaci\u00f3n solicitada y te estaremos respondiendo a la mayor brevedad posible. Por favor, activa JavaScript en tu navegador para completar este formulario.Nombre *NombreApellidosCorreo electr\u00f3nico *Fecha de tu BuceoComentarios &amp; Sugerencias Enviar\" \/>\n<meta property=\"og:url\" content=\"https:\/\/buzosdebaru.com\/en\/solicitar-fotos\/\" \/>\n<meta property=\"og:site_name\" content=\"Buzos de Bar\u00fa: El mejor buceo en Cartagena\" \/>\n<meta property=\"article:publisher\" content=\"https:\/\/www.facebook.com\/buzosdebarucartagena\" \/>\n<meta property=\"article:modified_time\" content=\"2025-05-12T23:04:01+00:00\" \/>\n<meta property=\"og:image\" content=\"https:\/\/buzosdebaru.com\/wp-content\/plugins\/wpforms-lite\/assets\/images\/submit-spin.svg\" \/>\n<meta name=\"twitter:card\" content=\"summary_large_image\" \/>\n<meta name=\"twitter:site\" content=\"@BuzosDeBaru\" \/>\n<meta name=\"twitter:label1\" content=\"Est. reading time\" \/>\n\t<meta name=\"twitter:data1\" content=\"1 minute\" \/>\n<script type=\"application\/ld+json\" class=\"yoast-schema-graph\">{\"@context\":\"https:\/\/schema.org\",\"@graph\":[{\"@type\":\"WebPage\",\"@id\":\"https:\/\/buzosdebaru.com\/solicitar-fotos\/\",\"url\":\"https:\/\/buzosdebaru.com\/solicitar-fotos\/\",\"name\":\"Solicitar Fotos - Buzos de Bar\u00fa: El mejor buceo en Cartagena\",\"isPartOf\":{\"@id\":\"https:\/\/buzosdebaru.com\/#website\"},\"primaryImageOfPage\":{\"@id\":\"https:\/\/buzosdebaru.com\/solicitar-fotos\/#primaryimage\"},\"image\":{\"@id\":\"https:\/\/buzosdebaru.com\/solicitar-fotos\/#primaryimage\"},\"thumbnailUrl\":\"https:\/\/buzosdebaru.com\/wp-content\/plugins\/wpforms-lite\/assets\/images\/submit-spin.svg\",\"datePublished\":\"2022-08-26T14:27:35+00:00\",\"dateModified\":\"2025-05-12T23:04:01+00:00\",\"breadcrumb\":{\"@id\":\"https:\/\/buzosdebaru.com\/solicitar-fotos\/#breadcrumb\"},\"inLanguage\":\"en-US\",\"potentialAction\":[{\"@type\":\"ReadAction\",\"target\":[\"https:\/\/buzosdebaru.com\/solicitar-fotos\/\"]}]},{\"@type\":\"ImageObject\",\"inLanguage\":\"en-US\",\"@id\":\"https:\/\/buzosdebaru.com\/solicitar-fotos\/#primaryimage\",\"url\":\"https:\/\/buzosdebaru.com\/wp-content\/plugins\/wpforms-lite\/assets\/images\/submit-spin.svg\",\"contentUrl\":\"https:\/\/buzosdebaru.com\/wp-content\/plugins\/wpforms-lite\/assets\/images\/submit-spin.svg\"},{\"@type\":\"BreadcrumbList\",\"@id\":\"https:\/\/buzosdebaru.com\/solicitar-fotos\/#breadcrumb\",\"itemListElement\":[{\"@type\":\"ListItem\",\"position\":1,\"name\":\"Portada\",\"item\":\"https:\/\/buzosdebaru.com\/\"},{\"@type\":\"ListItem\",\"position\":2,\"name\":\"Solicitar Fotos\"}]},{\"@type\":\"WebSite\",\"@id\":\"https:\/\/buzosdebaru.com\/#website\",\"url\":\"https:\/\/buzosdebaru.com\/\",\"name\":\"Buzos de Bar\u00fa\",\"description\":\"Buzos de Bar\u00fa - El mejor buceo en Cartagena\",\"publisher\":{\"@id\":\"https:\/\/buzosdebaru.com\/#organization\"},\"potentialAction\":[{\"@type\":\"SearchAction\",\"target\":{\"@type\":\"EntryPoint\",\"urlTemplate\":\"https:\/\/buzosdebaru.com\/?s={search_term_string}\"},\"query-input\":{\"@type\":\"PropertyValueSpecification\",\"valueRequired\":true,\"valueName\":\"search_term_string\"}}],\"inLanguage\":\"en-US\"},{\"@type\":\"Organization\",\"@id\":\"https:\/\/buzosdebaru.com\/#organization\",\"name\":\"Buzos de Bar\u00fa\",\"url\":\"https:\/\/buzosdebaru.com\/\",\"logo\":{\"@type\":\"ImageObject\",\"inLanguage\":\"en-US\",\"@id\":\"https:\/\/buzosdebaru.com\/#\/schema\/logo\/image\/\",\"url\":\"https:\/\/buzosdebaru.com\/wp-content\/uploads\/2022\/11\/cropped-cropped-logo_buzosdebaru-1.png\",\"contentUrl\":\"https:\/\/buzosdebaru.com\/wp-content\/uploads\/2022\/11\/cropped-cropped-logo_buzosdebaru-1.png\",\"width\":647,\"height\":80,\"caption\":\"Buzos de Bar\u00fa\"},\"image\":{\"@id\":\"https:\/\/buzosdebaru.com\/#\/schema\/logo\/image\/\"},\"sameAs\":[\"https:\/\/www.facebook.com\/buzosdebarucartagena\",\"https:\/\/x.com\/BuzosDeBaru\",\"https:\/\/www.instagram.com\/buzosdebaru\/\",\"https:\/\/www.youtube.com\/user\/buzosdebaru\",\"https:\/\/www.tiktok.com\/@buzosdebaru?_t=8nCmo3r6P5h&_r=1\"]}]}<\/script>\n<!-- \/ Yoast SEO plugin. -->","yoast_head_json":{"title":"Solicitar Fotos - Buzos de Bar\u00fa: El mejor buceo en Cartagena","robots":{"index":"index","follow":"follow","max-snippet":"max-snippet:-1","max-image-preview":"max-image-preview:large","max-video-preview":"max-video-preview:-1"},"canonical":"https:\/\/buzosdebaru.com\/en\/solicitar-fotos\/","og_locale":"en_US","og_type":"article","og_title":"Solicitar Fotos - Buzos de Bar\u00fa: El mejor buceo en Cartagena","og_description":"Solicita aqu\u00ed las fotos de buceo con nosotros Completa el siguiente formulario con la informaci\u00f3n solicitada y te estaremos respondiendo a la mayor brevedad posible. Por favor, activa JavaScript en tu navegador para completar este formulario.Nombre *NombreApellidosCorreo electr\u00f3nico *Fecha de tu BuceoComentarios &amp; Sugerencias Enviar","og_url":"https:\/\/buzosdebaru.com\/en\/solicitar-fotos\/","og_site_name":"Buzos de Bar\u00fa: El mejor buceo en Cartagena","article_publisher":"https:\/\/www.facebook.com\/buzosdebarucartagena","article_modified_time":"2025-05-12T23:04:01+00:00","og_image":[{"url":"https:\/\/buzosdebaru.com\/wp-content\/plugins\/wpforms-lite\/assets\/images\/submit-spin.svg","type":"","width":"","height":""}],"twitter_card":"summary_large_image","twitter_site":"@BuzosDeBaru","twitter_misc":{"Est. reading time":"1 minute"},"schema":{"@context":"https:\/\/schema.org","@graph":[{"@type":"WebPage","@id":"https:\/\/buzosdebaru.com\/solicitar-fotos\/","url":"https:\/\/buzosdebaru.com\/solicitar-fotos\/","name":"Solicitar Fotos - Buzos de Bar\u00fa: El mejor buceo en Cartagena","isPartOf":{"@id":"https:\/\/buzosdebaru.com\/#website"},"primaryImageOfPage":{"@id":"https:\/\/buzosdebaru.com\/solicitar-fotos\/#primaryimage"},"image":{"@id":"https:\/\/buzosdebaru.com\/solicitar-fotos\/#primaryimage"},"thumbnailUrl":"https:\/\/buzosdebaru.com\/wp-content\/plugins\/wpforms-lite\/assets\/images\/submit-spin.svg","datePublished":"2022-08-26T14:27:35+00:00","dateModified":"2025-05-12T23:04:01+00:00","breadcrumb":{"@id":"https:\/\/buzosdebaru.com\/solicitar-fotos\/#breadcrumb"},"inLanguage":"en-US","potentialAction":[{"@type":"ReadAction","target":["https:\/\/buzosdebaru.com\/solicitar-fotos\/"]}]},{"@type":"ImageObject","inLanguage":"en-US","@id":"https:\/\/buzosdebaru.com\/solicitar-fotos\/#primaryimage","url":"https:\/\/buzosdebaru.com\/wp-content\/plugins\/wpforms-lite\/assets\/images\/submit-spin.svg","contentUrl":"https:\/\/buzosdebaru.com\/wp-content\/plugins\/wpforms-lite\/assets\/images\/submit-spin.svg"},{"@type":"BreadcrumbList","@id":"https:\/\/buzosdebaru.com\/solicitar-fotos\/#breadcrumb","itemListElement":[{"@type":"ListItem","position":1,"name":"Portada","item":"https:\/\/buzosdebaru.com\/"},{"@type":"ListItem","position":2,"name":"Solicitar Fotos"}]},{"@type":"WebSite","@id":"https:\/\/buzosdebaru.com\/#website","url":"https:\/\/buzosdebaru.com\/","name":"Buzos de Bar\u00fa","description":"Buzos de Bar\u00fa - Best scuba dive in Cartagena","publisher":{"@id":"https:\/\/buzosdebaru.com\/#organization"},"potentialAction":[{"@type":"SearchAction","target":{"@type":"EntryPoint","urlTemplate":"https:\/\/buzosdebaru.com\/?s={search_term_string}"},"query-input":{"@type":"PropertyValueSpecification","valueRequired":true,"valueName":"search_term_string"}}],"inLanguage":"en-US"},{"@type":"Organization","@id":"https:\/\/buzosdebaru.com\/#organization","name":"Buzos de Bar\u00fa","url":"https:\/\/buzosdebaru.com\/","logo":{"@type":"ImageObject","inLanguage":"en-US","@id":"https:\/\/buzosdebaru.com\/#\/schema\/logo\/image\/","url":"https:\/\/buzosdebaru.com\/wp-content\/uploads\/2022\/11\/cropped-cropped-logo_buzosdebaru-1.png","contentUrl":"https:\/\/buzosdebaru.com\/wp-content\/uploads\/2022\/11\/cropped-cropped-logo_buzosdebaru-1.png","width":647,"height":80,"caption":"Buzos de Bar\u00fa"},"image":{"@id":"https:\/\/buzosdebaru.com\/#\/schema\/logo\/image\/"},"sameAs":["https:\/\/www.facebook.com\/buzosdebarucartagena","https:\/\/x.com\/BuzosDeBaru","https:\/\/www.instagram.com\/buzosdebaru\/","https:\/\/www.youtube.com\/user\/buzosdebaru","https:\/\/www.tiktok.com\/@buzosdebaru?_t=8nCmo3r6P5h&_r=1"]}]}},"rttpg_featured_image_url":null,"rttpg_author":{"display_name":"webmaster","author_link":"https:\/\/buzosdebaru.com\/en\/author\/webmaster\/"},"rttpg_comment":0,"rttpg_category":null,"rttpg_excerpt":"Solicita aqu\u00ed las fotos de buceo con nosotros Completa el siguiente formulario con la informaci\u00f3n solicitada y te estaremos respondiendo a la mayor brevedad posible. Por favor, activa JavaScript en tu navegador para completar este formulario.Nombre *NombreApellidosCorreo electr\u00f3nico *Fecha de tu BuceoComentarios &amp; Sugerencias Enviar","_links":{"self":[{"href":"https:\/\/buzosdebaru.com\/en\/wp-json\/wp\/v2\/pages\/1663","targetHints":{"allow":["GET"]}}],"collection":[{"href":"https:\/\/buzosdebaru.com\/en\/wp-json\/wp\/v2\/pages"}],"about":[{"href":"https:\/\/buzosdebaru.com\/en\/wp-json\/wp\/v2\/types\/page"}],"author":[{"embeddable":true,"href":"https:\/\/buzosdebaru.com\/en\/wp-json\/wp\/v2\/users\/1"}],"replies":[{"embeddable":true,"href":"https:\/\/buzosdebaru.com\/en\/wp-json\/wp\/v2\/comments?post=1663"}],"version-history":[{"count":22,"href":"https:\/\/buzosdebaru.com\/en\/wp-json\/wp\/v2\/pages\/1663\/revisions"}],"predecessor-version":[{"id":5333,"href":"https:\/\/buzosdebaru.com\/en\/wp-json\/wp\/v2\/pages\/1663\/revisions\/5333"}],"wp:attachment":[{"href":"https:\/\/buzosdebaru.com\/en\/wp-json\/wp\/v2\/media?parent=1663"}],"curies":[{"name":"wp","href":"https:\/\/api.w.org\/{rel}","templated":true}]}}